{"id":103169,"date":"2022-03-08T21:02:14","date_gmt":"2022-03-08T20:02:14","guid":{"rendered":"https:\/\/plazy.eco\/terminos-y-condiciones\/"},"modified":"2026-03-24T18:19:48","modified_gmt":"2026-03-24T17:19:48","slug":"terminos-y-condiciones","status":"publish","type":"page","link":"https:\/\/plazy.eco\/pt-pt\/terminos-y-condiciones\/","title":{"rendered":"Termos e Condi\u00e7\u00f5es"},"content":{"rendered":"\n<p>A Plazy Car Solutions S.L. disponibiliza aos seus clientes o seu website https:\/\/plazy.eco\/ (doravante, o website) para que possam contratar os servi\u00e7os nele oferecidos. Recomenda-se a leitura dos Termos e Condi\u00e7\u00f5es antes de efetuar uma encomenda.<\/p>\n\n\n\n<p>A Plazy Car Solutions S.L. poder\u00e1 modificar os presentes termos e condi\u00e7\u00f5es de venda a qualquer momento, respeitando sempre os compromissos previamente assumidos pelos seus clientes. As modifica\u00e7\u00f5es ser\u00e3o publicadas no website para efeitos de notifica\u00e7\u00e3o.<\/p>\n\n\n\n<p>A Plazy Car Solutions S.L. compromete-se a n\u00e3o permitir qualquer transa\u00e7\u00e3o que seja ilegal ou que seja considerada pelas marcas de cart\u00f5es de cr\u00e9dito ou pelo banco adquirente como potencialmente prejudicial para a sua reputa\u00e7\u00e3o ou que lhes possa ter um impacto negativo.<\/p>\n\n\n\n<p>Para quaisquer reclama\u00e7\u00f5es, os clientes podem contactar a Plazy Car Solutions S.L., Plaza Granollers 25 B15, 08207 Sabadell, Barcelona (Espanha).<\/p>\n\n\n\n<h4 class=\"wp-block-heading\"><strong>Processo de reserva<\/strong><\/h4>\n\n\n\n<p>Para fazer uma reserva no site, os utilizadores devem registar-se preenchendo um formul\u00e1rio. Ap\u00f3s o registo, os utilizadores podem aceder \u00e0 sua \u00e1rea de cliente, onde podem reservar servi\u00e7os seguindo estes passos:<\/p>\n\n\n\n<ol class=\"wp-block-list\">\n<li>Introduzir os dados do ve\u00edculo<\/li>\n\n\n\n<li>Selecionar o servi\u00e7o pretendido de entre os dispon\u00edveis para o tipo de ve\u00edculo<\/li>\n\n\n\n<li>Introduzir o endere\u00e7o onde o servi\u00e7o ser\u00e1 realizado<\/li>\n\n\n\n<li>Selecionar a data e o hor\u00e1rio de entre os dispon\u00edveis<\/li>\n<\/ol>\n\n\n\n<p>O cliente concorda em fornecer informa\u00e7\u00f5es precisas. Qualquer informa\u00e7\u00e3o imprecisa que possa comprometer o nosso servi\u00e7o poder\u00e1 resultar na perda do servi\u00e7o e do pagamento. Antes de finalizar o processo de compra, o cliente dever\u00e1 aceitar expressamente os Termos e Condi\u00e7\u00f5es Gerais.<\/p>\n\n\n\n<h4 class=\"wp-block-heading\"><strong>Restri\u00e7\u00f5es de venda<\/strong><\/h4>\n\n\n\n<p>As ofertas neste site e os servi\u00e7os prestados pela Plazy Car Solutions S.L. s\u00e3o dirigidos \u00fanica e exclusivamente a pessoas singulares maiores de idade ou pessoas coletivas que se enquadrem na categoria de consumidores ou utilizadores finais, nos termos da legisla\u00e7\u00e3o em vigor (Real Decreto Legislativo 1\/2007, de 16 de novembro). Assim sendo, quem n\u00e3o cumprir os requisitos acima mencionados n\u00e3o poder\u00e1 adquirir produtos atrav\u00e9s deste site.<\/p>\n\n\n\n<p>Ao aceitar estes termos e condi\u00e7\u00f5es de venda, o utilizador declara ser legalmente capaz de celebrar contratos e que leu e concorda com estes Termos e Condi\u00e7\u00f5es Gerais de Venda.<\/p>\n\n\n\n<h4 class=\"wp-block-heading\"><strong>Produtos<\/strong><\/h4>\n\n\n\n<p>A Plazy Car Solutions S.L. poder\u00e1 expandir a sua gama de produtos, bem como melhorar os produtos existentes.<\/p>\n\n\n\n<h4 class=\"wp-block-heading\"><strong>Pre\u00e7os e m\u00e9todos de pagamento<\/strong><\/h4>\n\n\n\n<p>Os pre\u00e7os e taxas aplic\u00e1veis \u200b\u200bs\u00e3o os exibidos no site em qualquer momento, discriminados em euros e incluindo o Imposto sobre o Valor Acrescentado (IVA).<\/p>\n\n\n\n<p>Os m\u00e9todos de pagamento aceites s\u00e3o os cart\u00f5es de d\u00e9bito e de cr\u00e9dito. O sistema de pagamento \u00e9 seguro. Ao efetuar uma compra com cart\u00e3o, o utilizador ser\u00e1 redirecionado para o portal de pagamento seguro do banco para introduzir os dados do cart\u00e3o.<\/p>\n\n\n\n<p>As informa\u00e7\u00f5es de pagamento s\u00e3o mantidas em sigilo absoluto.<\/p>\n\n\n\n<h4 class=\"wp-block-heading\"><strong>Rastreamento de pedidos<\/strong><\/h4>\n\n\n\n<p>O cliente poder\u00e1 verificar o estado do seu pedido diretamente no site, acedendo \u00e0 sua \u00e1rea de cliente.<\/p>\n\n\n\n<h4 class=\"wp-block-heading\"><strong>Fatura<\/strong><\/h4>\n\n\n\n<p>Os clientes podem solicitar a sua fatura em formato eletr\u00f3nico atrav\u00e9s do formul\u00e1rio de contacto do site ou contactando-nos por e-mail para o endere\u00e7o info@plazy.eco.<\/p>\n\n\n\n<h4 class=\"wp-block-heading\"><strong>Direito de troca ou desist\u00eancia<\/strong><\/h4>\n\n\n\n<p>O cliente pode alterar os detalhes do servi\u00e7o ou cancel\u00e1-lo at\u00e9 dois dias \u00fateis antes da hora marcada. Caso este aviso n\u00e3o seja dado, n\u00e3o ser\u00e1 emitido qualquer reembolso.<\/p>\n\n\n\n<p>Se o cliente decidir cancelar a lavagem, ser\u00e1 emitido um cup\u00e3o de desconto no valor da lavagem, v\u00e1lido para qualquer um dos nossos produtos e servi\u00e7os \u00e0 data da compra.<\/p>\n\n\n\n<p>Se o cliente se esquecer da lavagem ou chegar com mais de 20 minutos de atraso, a lavagem poder\u00e1 ser cancelada.<\/p>\n\n\n\n<p>Encontramos frequentemente muitos objetos dentro dos carros (chaves, comandos, moedas, etc.) e tentamos sempre deix\u00e1-los onde os encontramos ou todos juntos na bagageira. Para facilitar esta etapa do processo, pedimos que deixe o m\u00ednimo de objetos poss\u00edvel dentro do ve\u00edculo, pois n\u00e3o nos podemos responsabilizar por todos eles.<\/p>\n","protected":false},"excerpt":{"rendered":"<p>A Plazy Car Solutions S.L. disponibiliza aos seus clientes o seu website https:\/\/plazy.eco\/ (doravante, o website) para que possam contratar os servi\u00e7os nele oferecidos. Recomenda-se a leitura dos Termos e Condi\u00e7\u00f5es antes de efetuar uma encomenda. A Plazy Car Solutions S.L. poder\u00e1 modificar os presentes termos e condi\u00e7\u00f5es de venda a qualquer momento, respeitando sempre&#8230;<\/p>\n","protected":false},"author":5,"featured_media":0,"parent":0,"menu_order":0,"comment_status":"closed","ping_status":"closed","template":"","meta":{"_acf_changed":false,"footnotes":""},"class_list":["post-103169","page","type-page","status-publish","hentry"],"acf":[],"yoast_head":"<!-- This site is optimized with the Yoast SEO plugin v27.3 - https:\/\/yoast.com\/product\/yoast-seo-wordpress\/ -->\n<title>Termos e Condi\u00e7\u00f5es | Plazy<\/title>\n<meta name=\"robots\" content=\"noindex, nofollow\" \/>\n<meta property=\"og:locale\" content=\"pt_PT\" \/>\n<meta property=\"og:type\" content=\"article\" \/>\n<meta property=\"og:title\" content=\"Termos e Condi\u00e7\u00f5es | Plazy\" \/>\n<meta property=\"og:description\" content=\"A Plazy Car Solutions S.L. disponibiliza aos seus clientes o seu website https:\/\/plazy.eco\/ (doravante, o website) para que possam contratar os servi\u00e7os nele oferecidos. Recomenda-se a leitura dos Termos e Condi\u00e7\u00f5es antes de efetuar uma encomenda. A Plazy Car Solutions S.L. poder\u00e1 modificar os presentes termos e condi\u00e7\u00f5es de venda a qualquer momento, respeitando sempre...\" \/>\n<meta property=\"og:url\" content=\"https:\/\/plazy.eco\/pt-pt\/terminos-y-condiciones\/\" \/>\n<meta property=\"og:site_name\" content=\"Plazy\" \/>\n<meta property=\"article:publisher\" content=\"https:\/\/www.facebook.com\/plazy.eco\/\" \/>\n<meta property=\"article:modified_time\" content=\"2026-03-24T17:19:48+00:00\" \/>\n<meta property=\"og:image\" content=\"https:\/\/plazy.eco\/wp-content\/uploads\/2020\/08\/logo-1.png\" \/>\n\t<meta property=\"og:image:width\" content=\"666\" \/>\n\t<meta property=\"og:image:height\" content=\"320\" \/>\n\t<meta property=\"og:image:type\" content=\"image\/png\" \/>\n<meta name=\"twitter:card\" content=\"summary_large_image\" \/>\n<meta name=\"twitter:label1\" content=\"Tempo estimado de leitura\" \/>\n\t<meta name=\"twitter:data1\" content=\"3 minutos\" \/>\n<script type=\"application\/ld+json\" class=\"yoast-schema-graph\">{\"@context\":\"https:\\\/\\\/schema.org\",\"@graph\":[{\"@type\":\"WebPage\",\"@id\":\"https:\\\/\\\/plazy.eco\\\/pt-pt\\\/terminos-y-condiciones\\\/\",\"url\":\"https:\\\/\\\/plazy.eco\\\/pt-pt\\\/terminos-y-condiciones\\\/\",\"name\":\"Termos e Condi\u00e7\u00f5es | Plazy\",\"isPartOf\":{\"@id\":\"https:\\\/\\\/plazy.eco\\\/pt-pt\\\/#website\"},\"datePublished\":\"2022-03-08T20:02:14+00:00\",\"dateModified\":\"2026-03-24T17:19:48+00:00\",\"inLanguage\":\"pt-PT\",\"potentialAction\":[{\"@type\":\"ReadAction\",\"target\":[\"https:\\\/\\\/plazy.eco\\\/pt-pt\\\/terminos-y-condiciones\\\/\"]}]},{\"@type\":\"WebSite\",\"@id\":\"https:\\\/\\\/plazy.eco\\\/pt-pt\\\/#website\",\"url\":\"https:\\\/\\\/plazy.eco\\\/pt-pt\\\/\",\"name\":\"Plazy\",\"description\":\"Lavado de coches a domicilio\",\"publisher\":{\"@id\":\"https:\\\/\\\/plazy.eco\\\/pt-pt\\\/#organization\"},\"alternateName\":\"Plazy\",\"potentialAction\":[{\"@type\":\"SearchAction\",\"target\":{\"@type\":\"EntryPoint\",\"urlTemplate\":\"https:\\\/\\\/plazy.eco\\\/pt-pt\\\/?s={search_term_string}\"},\"query-input\":{\"@type\":\"PropertyValueSpecification\",\"valueRequired\":true,\"valueName\":\"search_term_string\"}}],\"inLanguage\":\"pt-PT\"},{\"@type\":\"Organization\",\"@id\":\"https:\\\/\\\/plazy.eco\\\/pt-pt\\\/#organization\",\"name\":\"Plazy\",\"alternateName\":\"Plazy\",\"url\":\"https:\\\/\\\/plazy.eco\\\/pt-pt\\\/\",\"logo\":{\"@type\":\"ImageObject\",\"inLanguage\":\"pt-PT\",\"@id\":\"https:\\\/\\\/plazy.eco\\\/pt-pt\\\/#\\\/schema\\\/logo\\\/image\\\/\",\"url\":\"https:\\\/\\\/plazy.eco\\\/wp-content\\\/uploads\\\/2020\\\/08\\\/Logo-Plazy-Color.png\",\"contentUrl\":\"https:\\\/\\\/plazy.eco\\\/wp-content\\\/uploads\\\/2020\\\/08\\\/Logo-Plazy-Color.png\",\"width\":666,\"height\":670,\"caption\":\"Plazy\"},\"image\":{\"@id\":\"https:\\\/\\\/plazy.eco\\\/pt-pt\\\/#\\\/schema\\\/logo\\\/image\\\/\"},\"sameAs\":[\"https:\\\/\\\/www.facebook.com\\\/plazy.eco\\\/\",\"https:\\\/\\\/instagram.com\\\/plazy_eco\",\"https:\\\/\\\/www.linkedin.com\\\/company\\\/plazy\\\/\"]}]}<\/script>\n<!-- \/ Yoast SEO plugin. -->","yoast_head_json":{"title":"Termos e Condi\u00e7\u00f5es | Plazy","robots":{"index":"noindex","follow":"nofollow"},"og_locale":"pt_PT","og_type":"article","og_title":"Termos e Condi\u00e7\u00f5es | Plazy","og_description":"A Plazy Car Solutions S.L. disponibiliza aos seus clientes o seu website https:\/\/plazy.eco\/ (doravante, o website) para que possam contratar os servi\u00e7os nele oferecidos. Recomenda-se a leitura dos Termos e Condi\u00e7\u00f5es antes de efetuar uma encomenda. A Plazy Car Solutions S.L. poder\u00e1 modificar os presentes termos e condi\u00e7\u00f5es de venda a qualquer momento, respeitando sempre...","og_url":"https:\/\/plazy.eco\/pt-pt\/terminos-y-condiciones\/","og_site_name":"Plazy","article_publisher":"https:\/\/www.facebook.com\/plazy.eco\/","article_modified_time":"2026-03-24T17:19:48+00:00","og_image":[{"width":666,"height":320,"url":"https:\/\/plazy.eco\/wp-content\/uploads\/2020\/08\/logo-1.png","type":"image\/png"}],"twitter_card":"summary_large_image","twitter_misc":{"Tempo estimado de leitura":"3 minutos"},"schema":{"@context":"https:\/\/schema.org","@graph":[{"@type":"WebPage","@id":"https:\/\/plazy.eco\/pt-pt\/terminos-y-condiciones\/","url":"https:\/\/plazy.eco\/pt-pt\/terminos-y-condiciones\/","name":"Termos e Condi\u00e7\u00f5es | Plazy","isPartOf":{"@id":"https:\/\/plazy.eco\/pt-pt\/#website"},"datePublished":"2022-03-08T20:02:14+00:00","dateModified":"2026-03-24T17:19:48+00:00","inLanguage":"pt-PT","potentialAction":[{"@type":"ReadAction","target":["https:\/\/plazy.eco\/pt-pt\/terminos-y-condiciones\/"]}]},{"@type":"WebSite","@id":"https:\/\/plazy.eco\/pt-pt\/#website","url":"https:\/\/plazy.eco\/pt-pt\/","name":"Plazy","description":"Lavado de coches a domicilio","publisher":{"@id":"https:\/\/plazy.eco\/pt-pt\/#organization"},"alternateName":"Plazy","potentialAction":[{"@type":"SearchAction","target":{"@type":"EntryPoint","urlTemplate":"https:\/\/plazy.eco\/pt-pt\/?s={search_term_string}"},"query-input":{"@type":"PropertyValueSpecification","valueRequired":true,"valueName":"search_term_string"}}],"inLanguage":"pt-PT"},{"@type":"Organization","@id":"https:\/\/plazy.eco\/pt-pt\/#organization","name":"Plazy","alternateName":"Plazy","url":"https:\/\/plazy.eco\/pt-pt\/","logo":{"@type":"ImageObject","inLanguage":"pt-PT","@id":"https:\/\/plazy.eco\/pt-pt\/#\/schema\/logo\/image\/","url":"https:\/\/plazy.eco\/wp-content\/uploads\/2020\/08\/Logo-Plazy-Color.png","contentUrl":"https:\/\/plazy.eco\/wp-content\/uploads\/2020\/08\/Logo-Plazy-Color.png","width":666,"height":670,"caption":"Plazy"},"image":{"@id":"https:\/\/plazy.eco\/pt-pt\/#\/schema\/logo\/image\/"},"sameAs":["https:\/\/www.facebook.com\/plazy.eco\/","https:\/\/instagram.com\/plazy_eco","https:\/\/www.linkedin.com\/company\/plazy\/"]}]}},"_links":{"self":[{"href":"https:\/\/plazy.eco\/pt-pt\/wp-json\/wp\/v2\/pages\/103169","targetHints":{"allow":["GET"]}}],"collection":[{"href":"https:\/\/plazy.eco\/pt-pt\/wp-json\/wp\/v2\/pages"}],"about":[{"href":"https:\/\/plazy.eco\/pt-pt\/wp-json\/wp\/v2\/types\/page"}],"author":[{"embeddable":true,"href":"https:\/\/plazy.eco\/pt-pt\/wp-json\/wp\/v2\/users\/5"}],"replies":[{"embeddable":true,"href":"https:\/\/plazy.eco\/pt-pt\/wp-json\/wp\/v2\/comments?post=103169"}],"version-history":[{"count":2,"href":"https:\/\/plazy.eco\/pt-pt\/wp-json\/wp\/v2\/pages\/103169\/revisions"}],"predecessor-version":[{"id":103454,"href":"https:\/\/plazy.eco\/pt-pt\/wp-json\/wp\/v2\/pages\/103169\/revisions\/103454"}],"wp:attachment":[{"href":"https:\/\/plazy.eco\/pt-pt\/wp-json\/wp\/v2\/media?parent=103169"}],"curies":[{"name":"wp","href":"https:\/\/api.w.org\/{rel}","templated":true}]}}