{"id":103162,"date":"2020-09-14T08:26:08","date_gmt":"2020-09-14T06:26:08","guid":{"rendered":"https:\/\/plazy.eco\/politica-de-privacidad\/"},"modified":"2026-03-24T17:49:57","modified_gmt":"2026-03-24T16:49:57","slug":"politica-de-privacidad","status":"publish","type":"page","link":"https:\/\/plazy.eco\/pt-pt\/politica-de-privacidad\/","title":{"rendered":"Pol\u00edtica de privacidade"},"content":{"rendered":"\n<p>Em conformidade com as disposi\u00e7\u00f5es do <strong>Regulamento (UE) 2016\/679 do Parlamento Europeu e do Conselho, de 27 de abril de 2016, relativo \u00e0 prote\u00e7\u00e3o das pessoas singulares no que diz respeito ao tratamento de dados pessoais e \u00e0 livre circula\u00e7\u00e3o desses dados e que revoga a Diretiva 95\/46\/CE<\/strong> (doravante, \u201c<strong>RGPD<\/strong>\u201d), informamos-lhe a nossa pol\u00edtica de prote\u00e7\u00e3o de dados.<\/p>\n\n\n\n<h4 class=\"wp-block-heading\"><strong>1. Dados do Controlador de Dados<\/strong><\/h4>\n\n\n\n<figure class=\"wp-block-table\"><table class=\"table table-condensed\"><tbody><tr><td><strong>Identidade<\/strong><\/td><td>Plazy Car Solutions S.L. B01818327<\/td><\/tr><tr><td><strong>Endere\u00e7o<\/strong>&nbsp;<strong>postal<\/strong><\/td><td>Plaza Granollers 25 B15. 08207. Sabadell, Barcelona (Espa\u00f1a)<\/td><\/tr><tr><td><strong>Telefone<\/strong><\/td><td>+ 034 646 31 51 24<\/td><\/tr><tr><td><strong>E-mail<\/strong><\/td><td><a href=\"mailto:info@plazy.eco\">info@plazy.eco<\/a><\/td><\/tr><tr><td><strong>DPO ou contacto<\/strong><\/td><td><a href=\"mailto:info@plazy.eco\">info@plazy.eco<\/a><\/td><\/tr><\/tbody><\/table><\/figure>\n\n\n\n<h4 class=\"wp-block-heading\"><strong>2. Finalidade, fundamento legal e per\u00edodo de conserva\u00e7\u00e3o de dados<\/strong><\/h4>\n\n\n\n<p><strong>2.1. Prop\u00f3sito<\/strong><\/p>\n\n\n\n<p>O utilizador \u00e9 informado de que os dados pessoais e as informa\u00e7\u00f5es fornecidas \u00e0s empresas respons\u00e1veis \u200b\u200bpelo tratamento ser\u00e3o tratados de acordo com as seguintes finalidades, dependendo da forma como foram fornecidos:<\/p>\n\n\n\n<p>Para efeitos da pol\u00edtica de privacidade da plazy.eco:<\/p>\n\n\n\n<ol class=\"wp-block-list\">\n<li>Agendamento de lavandaria<\/li>\n\n\n\n<li>Responder \u00e0s d\u00favidas do utilizador.<\/li>\n\n\n\n<li>Responder \u00e0s quest\u00f5es ou informa\u00e7\u00f5es enviadas pelo utilizador via chat.<\/li>\n\n\n\n<li>Consultar o utente sobre o servi\u00e7o e poss\u00edveis \u00e1reas de melhoria.<\/li>\n<\/ol>\n\n\n\n<p><strong>2.2. Legitima\u00e7\u00e3o<\/strong><\/p>\n\n\n\n<p>A base legal para o tratamento dos seus dados \u00e9 o seu consentimento, dado quando voluntariamente preencheu e posteriormente comunicou os seus dados no formul\u00e1rio e os aceitou na caixa correspondente.<\/p>\n\n\n\n<p><strong>2.3. Per\u00edodo de conserva\u00e7\u00e3o de dados<\/strong><\/p>\n\n\n\n<p>Os seus dados ser\u00e3o conservados, dependendo da finalidade para a qual foram fornecidos, durante os per\u00edodos indicados abaixo:<\/p>\n\n\n\n<p>Cada finalidade ter\u00e1 um per\u00edodo de conserva\u00e7\u00e3o de dados espec\u00edfico.<\/p>\n\n\n\n<p>Para o per\u00edodo de conserva\u00e7\u00e3o de dados da pol\u00edtica de privacidade da plazy.eco:<\/p>\n\n\n\n<ol class=\"wp-block-list\">\n<li>As reservas s\u00e3o guardadas indefinidamente.<\/li>\n\n\n\n<li>Para consultas enviadas atrav\u00e9s do formul\u00e1rio de contacto, os seus dados ser\u00e3o eliminados ap\u00f3s seis meses, assim que o seu pedido for resolvido.<\/li>\n\n\n\n<li>Para consultas enviadas atrav\u00e9s do chat, os seus dados ser\u00e3o eliminados ap\u00f3s seis meses, assim que o seu pedido for resolvido.<\/li>\n<\/ol>\n\n\n\n<p>Mais informamos que, para al\u00e9m dos per\u00edodos acima mencionados, conservaremos os seus dados pelos prazos de prescri\u00e7\u00e3o necess\u00e1rios para cumprir as nossas obriga\u00e7\u00f5es legais, para a gest\u00e3o dos nossos direitos (para intentar ou defender, se for o caso, uma a\u00e7\u00e3o judicial), aplicando tamb\u00e9m as disposi\u00e7\u00f5es do regulamento interno da empresa relativas aos prazos de arquivo e conserva\u00e7\u00e3o de documentos.<\/p>\n\n\n\n<h4 class=\"wp-block-heading\"><strong>3. Destinat\u00e1rios dos dados: cession\u00e1rios e transformadores<\/strong><\/h4>\n\n\n\n<p>Informamos que os seus dados n\u00e3o ser\u00e3o partilhados com terceiros, exceto quando legalmente exigido, embora possam ser transferidos para empresas do mesmo grupo empresarial, desde que tenha aceite a pol\u00edtica de privacidade do website.<\/p>\n\n\n\n<p>Mais informamos que, em determinadas circunst\u00e2ncias, poderemos partilhar os seus dados com outras entidades (incluindo empresas do grupo Plazy) que nos prestem servi\u00e7os t\u00edpicos de comunica\u00e7\u00e3o, marketing, meios digitais e redes sociais. Estes servi\u00e7os ajudam-nos a prestar os nossos servi\u00e7os de forma eficiente e sempre em conformidade com a legisla\u00e7\u00e3o em vigor. Com estas entidadPor fim, informamos que tem o direito de obter confirma\u00e7\u00e3o sobre se os respons\u00e1veis \u200b\u200bpelo tratamento de dados est\u00e3o ou n\u00e3o a tratar dados pessoais a seu respeito. Tem ainda o direito de aceder aos seus dados pessoais, bem como de solicitar a retifica\u00e7\u00e3o de dados incorretos ou, quando aplic\u00e1vel, solicitar a sua elimina\u00e7\u00e3o quando, entre outros motivos, os dados j\u00e1 n\u00e3o sejam necess\u00e1rios para os fins para os quais foram recolhidos.<\/p>\n\n\n\n<p>Em determinadas circunst\u00e2ncias, poder\u00e1: (i) solicitar a restri\u00e7\u00e3o do tratamento dos seus dados, caso em que os conservaremos apenas para o exerc\u00edcio ou defesa de direitos em processos judiciais; (ii) por motivos relacionados com a sua situa\u00e7\u00e3o particular, opor-se ao tratamento dos seus dados, caso em que os respons\u00e1veis \u200b\u200bpelo tratamento cessar\u00e3o o tratamento, a menos que existam motivos leg\u00edtimos e imperiosos para o tratamento ou para o exerc\u00edcio ou defesa de direitos em processos judiciais; e, se tiver dado o seu consentimento para uma finalidade espec\u00edfica, (iii) revogar o seu consentimento a qualquer momento, o que n\u00e3o afetar\u00e1 a legalidade do tratamento baseado no consentimento antes da sua revoga\u00e7\u00e3o.<\/p>\n\n\n\n<p>Tem ainda o direito de receber os dados pessoais que lhe digam respeito e que tenha facultado aos respons\u00e1veis \u200b\u200bpelo tratamento, num formato estruturado, de uso corrente e de leitura autom\u00e1tica, e de transmitir esses dados a outro respons\u00e1vel pelo tratamento sem impedimentos por parte dos respons\u00e1veis \u200b\u200bpelo tratamento. A este respeito, pode solicitar que os respons\u00e1veis \u200b\u200bpelo tratamento transmitam os seus dados pessoais diretamente, se tecnicamente poss\u00edvel, ao respons\u00e1vel pelo tratamento que indicar na sua comunica\u00e7\u00e3o.<\/p>\n\n\n\n<p>Por fim, informamos que pode exercer os seus direitos enviando um pedido \u00e0 Plazy por e-mail para info@plazy.eco, com assinatura digital (identidade eletr\u00f3nica ou outro certificado reconhecido), ou por comunica\u00e7\u00e3o escrita dirigida \u00e0 Plazy Car Solutions, S.L., com sede social em Plaza Granollers 25 B15 (08207), Sabadell (Barcelona) (Ref. RGPD).<\/p>\n\n\n\n<p>O conte\u00fado do pedido deve incluir: o seu nome e apelido; uma fotoc\u00f3pia do seu documento de identidade nacional, passaporte ou outro documento de identifica\u00e7\u00e3o v\u00e1lido e, se necess\u00e1rio, da pessoa que o representa, bem como o documento ou instrumento eletr\u00f3nico que comprove essa representa\u00e7\u00e3o; Detalhes do pedido; endere\u00e7o para notifica\u00e7\u00e3o; data e assinatura do requerente; e documentos comprovativos do pedido, se necess\u00e1rio. Para mais informa\u00e7\u00f5es sobre os seus direitos, consulte o s\u00edtio web da <a href=\"https:\/\/www.aepd.es\/es\">Ag\u00eancia Espanhola de Prote\u00e7\u00e3o de Dados<\/a>.<\/p>\n\n\n\n<p>Se considerar que o tratamento dos seus dados pessoais infringe a legisla\u00e7\u00e3o aplic\u00e1vel ou se simplesmente n\u00e3o estiver satisfeito com o exerc\u00edcio dos seus direitos, tem o direito de apresentar uma reclama\u00e7\u00e3o \u00e0 Ag\u00eancia Espanhola de Prote\u00e7\u00e3o de Dados atrav\u00e9s de um dos seguintes meios: (i) por telefone, atrav\u00e9s dos n\u00fameros +34 901 100 099 ou +34 912 663 517; (ii) por via eletr\u00f3nica, atrav\u00e9s do s\u00edtio web <a href=\"https:\/\/sedeagpd.gob.es\/sede-electronica-web\">https:\/\/sedeagpd.gob.es\/sede-electronica-web<\/a>; (iii) presencialmente, dirigindo-se para a Rua Jorge Juan, n.\u00ba 6 (28001) em Madrid.<\/p>\n\n\n\n<p><strong>4.1. Precis\u00e3o dos dados<\/strong><\/p>\n\n\n\n<p>Os utilizadores s\u00e3o respons\u00e1veis \u200b\u200bpela exatid\u00e3o dos seus dados, comprometendo-se a n\u00e3o introduzir dados falsos e a modific\u00e1-los, se necess\u00e1rio.<\/p>\n","protected":false},"excerpt":{"rendered":"<p>Em conformidade com as disposi\u00e7\u00f5es do Regulamento (UE) 2016\/679 do Parlamento Europeu e do Conselho, de 27 de abril de 2016, relativo \u00e0 prote\u00e7\u00e3o das pessoas singulares no que diz respeito ao tratamento de dados pessoais e \u00e0 livre circula\u00e7\u00e3o desses dados e que revoga a Diretiva 95\/46\/CE (doravante, \u201cRGPD\u201d), informamos-lhe a nossa pol\u00edtica de&#8230;<\/p>\n","protected":false},"author":5,"featured_media":0,"parent":0,"menu_order":0,"comment_status":"closed","ping_status":"closed","template":"","meta":{"_acf_changed":false,"footnotes":""},"class_list":["post-103162","page","type-page","status-publish","hentry"],"acf":[],"yoast_head":"<!-- This site is optimized with the Yoast SEO plugin v27.3 - https:\/\/yoast.com\/product\/yoast-seo-wordpress\/ -->\n<title>Pol\u00edtica de privacidade | Plazy<\/title>\n<meta name=\"robots\" content=\"noindex, nofollow\" \/>\n<meta property=\"og:locale\" content=\"pt_PT\" \/>\n<meta property=\"og:type\" content=\"article\" \/>\n<meta property=\"og:title\" content=\"Pol\u00edtica de privacidade | Plazy\" \/>\n<meta property=\"og:description\" content=\"Em conformidade com as disposi\u00e7\u00f5es do Regulamento (UE) 2016\/679 do Parlamento Europeu e do Conselho, de 27 de abril de 2016, relativo \u00e0 prote\u00e7\u00e3o das pessoas singulares no que diz respeito ao tratamento de dados pessoais e \u00e0 livre circula\u00e7\u00e3o desses dados e que revoga a Diretiva 95\/46\/CE (doravante, \u201cRGPD\u201d), informamos-lhe a nossa pol\u00edtica de...\" \/>\n<meta property=\"og:url\" content=\"https:\/\/plazy.eco\/pt-pt\/politica-de-privacidad\/\" \/>\n<meta property=\"og:site_name\" content=\"Plazy\" \/>\n<meta property=\"article:publisher\" content=\"https:\/\/www.facebook.com\/plazy.eco\/\" \/>\n<meta property=\"article:modified_time\" content=\"2026-03-24T16:49:57+00:00\" \/>\n<meta property=\"og:image\" content=\"https:\/\/plazy.eco\/wp-content\/uploads\/2020\/08\/logo-1.png\" \/>\n\t<meta property=\"og:image:width\" content=\"666\" \/>\n\t<meta property=\"og:image:height\" content=\"320\" \/>\n\t<meta property=\"og:image:type\" content=\"image\/png\" \/>\n<meta name=\"twitter:card\" content=\"summary_large_image\" \/>\n<meta name=\"twitter:label1\" content=\"Tempo estimado de leitura\" \/>\n\t<meta name=\"twitter:data1\" content=\"5 minutos\" \/>\n<script type=\"application\/ld+json\" class=\"yoast-schema-graph\">{\"@context\":\"https:\\\/\\\/schema.org\",\"@graph\":[{\"@type\":\"WebPage\",\"@id\":\"https:\\\/\\\/plazy.eco\\\/pt-pt\\\/politica-de-privacidad\\\/\",\"url\":\"https:\\\/\\\/plazy.eco\\\/pt-pt\\\/politica-de-privacidad\\\/\",\"name\":\"Pol\u00edtica de privacidade | Plazy\",\"isPartOf\":{\"@id\":\"https:\\\/\\\/plazy.eco\\\/pt-pt\\\/#website\"},\"datePublished\":\"2020-09-14T06:26:08+00:00\",\"dateModified\":\"2026-03-24T16:49:57+00:00\",\"inLanguage\":\"pt-PT\",\"potentialAction\":[{\"@type\":\"ReadAction\",\"target\":[\"https:\\\/\\\/plazy.eco\\\/pt-pt\\\/politica-de-privacidad\\\/\"]}]},{\"@type\":\"WebSite\",\"@id\":\"https:\\\/\\\/plazy.eco\\\/pt-pt\\\/#website\",\"url\":\"https:\\\/\\\/plazy.eco\\\/pt-pt\\\/\",\"name\":\"Plazy\",\"description\":\"Lavado de coches a domicilio\",\"publisher\":{\"@id\":\"https:\\\/\\\/plazy.eco\\\/pt-pt\\\/#organization\"},\"alternateName\":\"Plazy\",\"potentialAction\":[{\"@type\":\"SearchAction\",\"target\":{\"@type\":\"EntryPoint\",\"urlTemplate\":\"https:\\\/\\\/plazy.eco\\\/pt-pt\\\/?s={search_term_string}\"},\"query-input\":{\"@type\":\"PropertyValueSpecification\",\"valueRequired\":true,\"valueName\":\"search_term_string\"}}],\"inLanguage\":\"pt-PT\"},{\"@type\":\"Organization\",\"@id\":\"https:\\\/\\\/plazy.eco\\\/pt-pt\\\/#organization\",\"name\":\"Plazy\",\"alternateName\":\"Plazy\",\"url\":\"https:\\\/\\\/plazy.eco\\\/pt-pt\\\/\",\"logo\":{\"@type\":\"ImageObject\",\"inLanguage\":\"pt-PT\",\"@id\":\"https:\\\/\\\/plazy.eco\\\/pt-pt\\\/#\\\/schema\\\/logo\\\/image\\\/\",\"url\":\"https:\\\/\\\/plazy.eco\\\/wp-content\\\/uploads\\\/2020\\\/08\\\/Logo-Plazy-Color.png\",\"contentUrl\":\"https:\\\/\\\/plazy.eco\\\/wp-content\\\/uploads\\\/2020\\\/08\\\/Logo-Plazy-Color.png\",\"width\":666,\"height\":670,\"caption\":\"Plazy\"},\"image\":{\"@id\":\"https:\\\/\\\/plazy.eco\\\/pt-pt\\\/#\\\/schema\\\/logo\\\/image\\\/\"},\"sameAs\":[\"https:\\\/\\\/www.facebook.com\\\/plazy.eco\\\/\",\"https:\\\/\\\/instagram.com\\\/plazy_eco\",\"https:\\\/\\\/www.linkedin.com\\\/company\\\/plazy\\\/\"]}]}<\/script>\n<!-- \/ Yoast SEO plugin. -->","yoast_head_json":{"title":"Pol\u00edtica de privacidade | Plazy","robots":{"index":"noindex","follow":"nofollow"},"og_locale":"pt_PT","og_type":"article","og_title":"Pol\u00edtica de privacidade | Plazy","og_description":"Em conformidade com as disposi\u00e7\u00f5es do Regulamento (UE) 2016\/679 do Parlamento Europeu e do Conselho, de 27 de abril de 2016, relativo \u00e0 prote\u00e7\u00e3o das pessoas singulares no que diz respeito ao tratamento de dados pessoais e \u00e0 livre circula\u00e7\u00e3o desses dados e que revoga a Diretiva 95\/46\/CE (doravante, \u201cRGPD\u201d), informamos-lhe a nossa pol\u00edtica de...","og_url":"https:\/\/plazy.eco\/pt-pt\/politica-de-privacidad\/","og_site_name":"Plazy","article_publisher":"https:\/\/www.facebook.com\/plazy.eco\/","article_modified_time":"2026-03-24T16:49:57+00:00","og_image":[{"width":666,"height":320,"url":"https:\/\/plazy.eco\/wp-content\/uploads\/2020\/08\/logo-1.png","type":"image\/png"}],"twitter_card":"summary_large_image","twitter_misc":{"Tempo estimado de leitura":"5 minutos"},"schema":{"@context":"https:\/\/schema.org","@graph":[{"@type":"WebPage","@id":"https:\/\/plazy.eco\/pt-pt\/politica-de-privacidad\/","url":"https:\/\/plazy.eco\/pt-pt\/politica-de-privacidad\/","name":"Pol\u00edtica de privacidade | Plazy","isPartOf":{"@id":"https:\/\/plazy.eco\/pt-pt\/#website"},"datePublished":"2020-09-14T06:26:08+00:00","dateModified":"2026-03-24T16:49:57+00:00","inLanguage":"pt-PT","potentialAction":[{"@type":"ReadAction","target":["https:\/\/plazy.eco\/pt-pt\/politica-de-privacidad\/"]}]},{"@type":"WebSite","@id":"https:\/\/plazy.eco\/pt-pt\/#website","url":"https:\/\/plazy.eco\/pt-pt\/","name":"Plazy","description":"Lavado de coches a domicilio","publisher":{"@id":"https:\/\/plazy.eco\/pt-pt\/#organization"},"alternateName":"Plazy","potentialAction":[{"@type":"SearchAction","target":{"@type":"EntryPoint","urlTemplate":"https:\/\/plazy.eco\/pt-pt\/?s={search_term_string}"},"query-input":{"@type":"PropertyValueSpecification","valueRequired":true,"valueName":"search_term_string"}}],"inLanguage":"pt-PT"},{"@type":"Organization","@id":"https:\/\/plazy.eco\/pt-pt\/#organization","name":"Plazy","alternateName":"Plazy","url":"https:\/\/plazy.eco\/pt-pt\/","logo":{"@type":"ImageObject","inLanguage":"pt-PT","@id":"https:\/\/plazy.eco\/pt-pt\/#\/schema\/logo\/image\/","url":"https:\/\/plazy.eco\/wp-content\/uploads\/2020\/08\/Logo-Plazy-Color.png","contentUrl":"https:\/\/plazy.eco\/wp-content\/uploads\/2020\/08\/Logo-Plazy-Color.png","width":666,"height":670,"caption":"Plazy"},"image":{"@id":"https:\/\/plazy.eco\/pt-pt\/#\/schema\/logo\/image\/"},"sameAs":["https:\/\/www.facebook.com\/plazy.eco\/","https:\/\/instagram.com\/plazy_eco","https:\/\/www.linkedin.com\/company\/plazy\/"]}]}},"_links":{"self":[{"href":"https:\/\/plazy.eco\/pt-pt\/wp-json\/wp\/v2\/pages\/103162","targetHints":{"allow":["GET"]}}],"collection":[{"href":"https:\/\/plazy.eco\/pt-pt\/wp-json\/wp\/v2\/pages"}],"about":[{"href":"https:\/\/plazy.eco\/pt-pt\/wp-json\/wp\/v2\/types\/page"}],"author":[{"embeddable":true,"href":"https:\/\/plazy.eco\/pt-pt\/wp-json\/wp\/v2\/users\/5"}],"replies":[{"embeddable":true,"href":"https:\/\/plazy.eco\/pt-pt\/wp-json\/wp\/v2\/comments?post=103162"}],"version-history":[{"count":2,"href":"https:\/\/plazy.eco\/pt-pt\/wp-json\/wp\/v2\/pages\/103162\/revisions"}],"predecessor-version":[{"id":103442,"href":"https:\/\/plazy.eco\/pt-pt\/wp-json\/wp\/v2\/pages\/103162\/revisions\/103442"}],"wp:attachment":[{"href":"https:\/\/plazy.eco\/pt-pt\/wp-json\/wp\/v2\/media?parent=103162"}],"curies":[{"name":"wp","href":"https:\/\/api.w.org\/{rel}","templated":true}]}}