{"id":103161,"date":"2022-02-25T00:20:29","date_gmt":"2022-02-24T23:20:29","guid":{"rendered":"https:\/\/plazy.eco\/politica-de-cookies\/"},"modified":"2026-03-24T17:43:07","modified_gmt":"2026-03-24T16:43:07","slug":"politica-de-cookies","status":"publish","type":"page","link":"https:\/\/plazy.eco\/pt-pt\/politica-de-cookies\/","title":{"rendered":"Pol\u00edtica de cookies"},"content":{"rendered":"\n\n\n<h4 class=\"wp-block-heading\"><strong>1. Introdu\u00e7\u00e3o<\/strong><\/h4>\n\n\n\n<p>O nosso website, https:\/\/plazy.eco (doravante: &#8220;o website&#8221;), utiliza cookies e outras tecnologias relacionadas (para fins de conveni\u00eancia, todas as tecnologias ser\u00e3o referidas como &#8220;cookies&#8221;). Os cookies s\u00e3o tamb\u00e9m instalados por terceiros com os quais temos parcerias. No documento seguinte, informamos sobre a utiliza\u00e7\u00e3o de cookies no nosso site.<\/p>\n\n\n\n<h4 class=\"wp-block-heading\"><strong>2. O que s\u00e3o cookies?<\/strong><\/h4>\n\n\n\n<p>Um cookie \u00e9 um pequeno ficheiro que \u00e9 enviado juntamente com as p\u00e1ginas deste site e armazenado pelo seu browser no disco r\u00edgido do seu computador ou de outro dispositivo. As informa\u00e7\u00f5es armazenadas podem ser devolvidas aos nossos servidores ou aos servidores de terceiros apropriados durante uma visita subsequente.<\/p>\n\n\n\n<h4 class=\"wp-block-heading\"><strong>3. O que s\u00e3o scripts?<\/strong><\/h4>\n\n\n\n<p>Um script \u00e9 um peda\u00e7o de c\u00f3digo de programa utilizado para fazer com que o nosso website funcione corretamente e de forma interativa. Este c\u00f3digo \u00e9 executado no nosso servidor ou no seu dispositivo.<\/p>\n\n\n\n<h4 class=\"wp-block-heading\"><strong>4. O que \u00e9 um web beacon?<\/strong><\/h4>\n\n\n\n<p>Um web beacon (ou pixel tag) \u00e9 um pequeno elemento invis\u00edvel de texto ou imagem num website utilizado para monitorizar o tr\u00e1fego do website. V\u00e1rios dados sobre si s\u00e3o armazenados utilizando estes web beacons.<\/p>\n\n\n\n<h4 class=\"wp-block-heading\"><strong>5. Cookies<\/strong><\/h4>\n\n\n\n<p><strong>5.1 Cookies T\u00e9cnicos ou Funcionais<\/strong><\/p>\n\n\n\n<p>Alguns cookies garantem o funcionamento correto de determinadas partes do site e que as suas prefer\u00eancias de utilizador s\u00e3o memorizadas. Ao utilizar cookies funcionais, facilitamos a sua visita ao nosso site. Desta forma, n\u00e3o precisa de introduzir as mesmas informa\u00e7\u00f5es repetidamente ao visitar o nosso website e, por exemplo, os artigos permanecem no seu carrinho de compras at\u00e9 finalizar a compra. Podemos utilizar estes cookies sem o seu consentimento.<\/p>\n\n\n\n<p><strong>5.2 Cookies de Estat\u00edsticas<\/strong><\/p>\n\n\n\n<p>Utilizamos cookies de estat\u00edsticas para otimizar a experi\u00eancia do utilizador no nosso website. Com estes cookies, obtemos informa\u00e7\u00f5es sobre a utiliza\u00e7\u00e3o do nosso website. Solicitamos a sua autoriza\u00e7\u00e3o para utilizar cookies de estat\u00edsticas.<\/p>\n\n\n\n<p><strong>5.3 Cookies de Marketing\/Rastreio<\/strong><\/p>\n\n\n\n<p>Os cookies de marketing\/rastreio s\u00e3o cookies, ou qualquer outra forma de armazenamento local, utilizados para criar perfis de utilizador para fins publicit\u00e1rios ou para rastrear utilizadores neste website ou noutros websites para fins de marketing semelhantes.<\/p>\n\n\n\n<h4 class=\"wp-block-heading\"><strong>6. Consentimento<\/strong><\/h4>\n\n\n\n<p>Ao visitar o nosso website pela primeira vez, iremos exibir uma janela pop-up explicando a nossa utiliza\u00e7\u00e3o de cookies. Assim que clicar em &#8220;Guardar prefer\u00eancias&#8221;, concorda com a utiliza\u00e7\u00e3o das categorias de cookies e plugins selecionados na janela pop-up, conforme descrito nesta pol\u00edtica de cookies. Pode desativar o uso de cookies atrav\u00e9s do seu navegador, mas note que, nesse caso, o nosso website poder\u00e1 n\u00e3o funcionar corretamente.<\/p>\n\n\n\n<h4 class=\"wp-block-heading\"><strong>7. Ativar\/Desativar e Apagar Cookies<\/strong><\/h4>\n\n\n\n<p>Pode utilizar o seu navegador para eliminar cookies autom\u00e1tica ou manualmente. Tamb\u00e9m pode especificar que determinados cookies n\u00e3o sejam instalados. Em alternativa, pode alterar as defini\u00e7\u00f5es do seu navegador para ser notificado sempre que um cookie for instalado. Para obter mais informa\u00e7\u00f5es sobre estas op\u00e7\u00f5es, consulte as instru\u00e7\u00f5es na sec\u00e7\u00e3o &#8220;Ajuda&#8221; do seu navegador.<\/p>\n\n\n\n<p>Note que o nosso website pode n\u00e3o funcionar corretamente se todos os cookies estiverem desativados. Se eliminar os cookies do seu navegador, estes ser\u00e3o novamente instalados ap\u00f3s ter dado o seu consentimento ao visitar novamente os nossos sites.<\/p>\n\n\n\n<h4 class=\"wp-block-heading\"><strong>8. Os seus direitos em rela\u00e7\u00e3o aos dados pessoais<\/strong><\/h4>\n\n\n\n<p>Tem os seguintes direitos em rela\u00e7\u00e3o aos seus dados pessoais:<\/p>\n\n\n\n<ul class=\"wp-block-list\">\n<li>Tem o direito de saber por que raz\u00e3o os seus dados pessoais s\u00e3o necess\u00e1rios, o que lhes acontecer\u00e1 e durante quanto tempo ser\u00e3o conservados.<\/li>\n\n\n\n<li>Direito de acesso: Tem o direito de aceder aos seus dados pessoais que conservamos.<\/li>\n\n\n\n<li>Direito de retifica\u00e7\u00e3o: Tem o direito de completar, corrigir, apagar ou bloquear os seus dados pessoais a qualquer momento.<\/li>\n\n\n\n<li>Se nos der o seu consentimento para tratar os seus dados, tem o direito de retirar esse consentimento e solicitar a elimina\u00e7\u00e3o dos seus dados pessoais.<\/li>\n\n\n\n<li>Direito \u00e0 portabilidade dos dados: Tem o direito de solicitar todos os seus dados pessoais ao respons\u00e1vel pelo tratamento dos dados e de os transferir integralmente para outro respons\u00e1vel pelo tratamento dos dados.<\/li>\n\n\n\n<li>Direito de oposi\u00e7\u00e3o: Pode opor-se ao tratamento dos seus dados. Respeitaremos a sua oposi\u00e7\u00e3o, a menos que existam motivos leg\u00edtimos para o tratamento.<\/li>\n<\/ul>\n\n\n\n<p>Para exercer estes direitos, contacte-nos. Consulte os dados de contacto no final desta pol\u00edtica de cookies. Se tiver alguma reclama\u00e7\u00e3o sobre a forma como tratamos os seus dados, agradecemos que nos informe, mas tamb\u00e9m tem o direito de apresentar uma reclama\u00e7\u00e3o \u00e0 autoridade de supervis\u00e3o (a autoridade de prote\u00e7\u00e3o de dados).<\/p>\n\n\n\n<h4 class=\"wp-block-heading\"><strong>9. Dados de contacto<\/strong><\/h4>\n\n\n\n<p>Para quest\u00f5es e\/ou coment\u00e1rios sobre a nossa pol\u00edtica de cookies e esta declara\u00e7\u00e3o, contacte-nos atrav\u00e9s dos seguintes dados:<\/p>\n\n\n\n<p>Plazy Car Solutions S.L.<br>Plaza Granollers 25 B15. 08207. Sabadell, Barcelona<br>Espanha<br>Site: <a href=\"https:\/\/plazy.eco\/pt-pt\/\">https:\/\/plazy.eco<\/a><br>E-mail: <a href=\"mailto:info@plazy.eco\">info@plazy.eco<\/a><br>Telefone: +34 646 31 51 24<\/p>\n","protected":false},"excerpt":{"rendered":"<p>1. Introdu\u00e7\u00e3o O nosso website, https:\/\/plazy.eco (doravante: &#8220;o website&#8221;), utiliza cookies e outras tecnologias relacionadas (para fins de conveni\u00eancia, todas as tecnologias ser\u00e3o referidas como &#8220;cookies&#8221;). Os cookies s\u00e3o tamb\u00e9m instalados por terceiros com os quais temos parcerias. No documento seguinte, informamos sobre a utiliza\u00e7\u00e3o de cookies no nosso site. 2. O que s\u00e3o cookies?&#8230;<\/p>\n","protected":false},"author":5,"featured_media":0,"parent":0,"menu_order":0,"comment_status":"closed","ping_status":"closed","template":"","meta":{"_acf_changed":false,"footnotes":""},"class_list":["post-103161","page","type-page","status-publish","hentry"],"acf":[],"yoast_head":"<!-- This site is optimized with the Yoast SEO plugin v27.3 - https:\/\/yoast.com\/product\/yoast-seo-wordpress\/ -->\n<title>Pol\u00edtica de cookies | Plazy<\/title>\n<meta name=\"robots\" content=\"noindex, nofollow\" \/>\n<meta property=\"og:locale\" content=\"pt_PT\" \/>\n<meta property=\"og:type\" content=\"article\" \/>\n<meta property=\"og:title\" content=\"Pol\u00edtica de cookies | Plazy\" \/>\n<meta property=\"og:description\" content=\"1. Introdu\u00e7\u00e3o O nosso website, https:\/\/plazy.eco (doravante: &#8220;o website&#8221;), utiliza cookies e outras tecnologias relacionadas (para fins de conveni\u00eancia, todas as tecnologias ser\u00e3o referidas como &#8220;cookies&#8221;). Os cookies s\u00e3o tamb\u00e9m instalados por terceiros com os quais temos parcerias. No documento seguinte, informamos sobre a utiliza\u00e7\u00e3o de cookies no nosso site. 2. O que s\u00e3o cookies?...\" \/>\n<meta property=\"og:url\" content=\"https:\/\/plazy.eco\/pt-pt\/politica-de-cookies\/\" \/>\n<meta property=\"og:site_name\" content=\"Plazy\" \/>\n<meta property=\"article:publisher\" content=\"https:\/\/www.facebook.com\/plazy.eco\/\" \/>\n<meta property=\"article:modified_time\" content=\"2026-03-24T16:43:07+00:00\" \/>\n<meta property=\"og:image\" content=\"https:\/\/plazy.eco\/wp-content\/uploads\/2020\/08\/logo-1.png\" \/>\n\t<meta property=\"og:image:width\" content=\"666\" \/>\n\t<meta property=\"og:image:height\" content=\"320\" \/>\n\t<meta property=\"og:image:type\" content=\"image\/png\" \/>\n<meta name=\"twitter:card\" content=\"summary_large_image\" \/>\n<meta name=\"twitter:label1\" content=\"Tempo estimado de leitura\" \/>\n\t<meta name=\"twitter:data1\" content=\"4 minutos\" \/>\n<script type=\"application\/ld+json\" class=\"yoast-schema-graph\">{\"@context\":\"https:\\\/\\\/schema.org\",\"@graph\":[{\"@type\":\"WebPage\",\"@id\":\"https:\\\/\\\/plazy.eco\\\/pt-pt\\\/politica-de-cookies\\\/\",\"url\":\"https:\\\/\\\/plazy.eco\\\/pt-pt\\\/politica-de-cookies\\\/\",\"name\":\"Pol\u00edtica de cookies | Plazy\",\"isPartOf\":{\"@id\":\"https:\\\/\\\/plazy.eco\\\/pt-pt\\\/#website\"},\"datePublished\":\"2022-02-24T23:20:29+00:00\",\"dateModified\":\"2026-03-24T16:43:07+00:00\",\"inLanguage\":\"pt-PT\",\"potentialAction\":[{\"@type\":\"ReadAction\",\"target\":[\"https:\\\/\\\/plazy.eco\\\/pt-pt\\\/politica-de-cookies\\\/\"]}]},{\"@type\":\"WebSite\",\"@id\":\"https:\\\/\\\/plazy.eco\\\/pt-pt\\\/#website\",\"url\":\"https:\\\/\\\/plazy.eco\\\/pt-pt\\\/\",\"name\":\"Plazy\",\"description\":\"Lavado de coches a domicilio\",\"publisher\":{\"@id\":\"https:\\\/\\\/plazy.eco\\\/pt-pt\\\/#organization\"},\"alternateName\":\"Plazy\",\"potentialAction\":[{\"@type\":\"SearchAction\",\"target\":{\"@type\":\"EntryPoint\",\"urlTemplate\":\"https:\\\/\\\/plazy.eco\\\/pt-pt\\\/?s={search_term_string}\"},\"query-input\":{\"@type\":\"PropertyValueSpecification\",\"valueRequired\":true,\"valueName\":\"search_term_string\"}}],\"inLanguage\":\"pt-PT\"},{\"@type\":\"Organization\",\"@id\":\"https:\\\/\\\/plazy.eco\\\/pt-pt\\\/#organization\",\"name\":\"Plazy\",\"alternateName\":\"Plazy\",\"url\":\"https:\\\/\\\/plazy.eco\\\/pt-pt\\\/\",\"logo\":{\"@type\":\"ImageObject\",\"inLanguage\":\"pt-PT\",\"@id\":\"https:\\\/\\\/plazy.eco\\\/pt-pt\\\/#\\\/schema\\\/logo\\\/image\\\/\",\"url\":\"https:\\\/\\\/plazy.eco\\\/wp-content\\\/uploads\\\/2020\\\/08\\\/Logo-Plazy-Color.png\",\"contentUrl\":\"https:\\\/\\\/plazy.eco\\\/wp-content\\\/uploads\\\/2020\\\/08\\\/Logo-Plazy-Color.png\",\"width\":666,\"height\":670,\"caption\":\"Plazy\"},\"image\":{\"@id\":\"https:\\\/\\\/plazy.eco\\\/pt-pt\\\/#\\\/schema\\\/logo\\\/image\\\/\"},\"sameAs\":[\"https:\\\/\\\/www.facebook.com\\\/plazy.eco\\\/\",\"https:\\\/\\\/instagram.com\\\/plazy_eco\",\"https:\\\/\\\/www.linkedin.com\\\/company\\\/plazy\\\/\"]}]}<\/script>\n<!-- \/ Yoast SEO plugin. -->","yoast_head_json":{"title":"Pol\u00edtica de cookies | Plazy","robots":{"index":"noindex","follow":"nofollow"},"og_locale":"pt_PT","og_type":"article","og_title":"Pol\u00edtica de cookies | Plazy","og_description":"1. Introdu\u00e7\u00e3o O nosso website, https:\/\/plazy.eco (doravante: &#8220;o website&#8221;), utiliza cookies e outras tecnologias relacionadas (para fins de conveni\u00eancia, todas as tecnologias ser\u00e3o referidas como &#8220;cookies&#8221;). Os cookies s\u00e3o tamb\u00e9m instalados por terceiros com os quais temos parcerias. No documento seguinte, informamos sobre a utiliza\u00e7\u00e3o de cookies no nosso site. 2. O que s\u00e3o cookies?...","og_url":"https:\/\/plazy.eco\/pt-pt\/politica-de-cookies\/","og_site_name":"Plazy","article_publisher":"https:\/\/www.facebook.com\/plazy.eco\/","article_modified_time":"2026-03-24T16:43:07+00:00","og_image":[{"width":666,"height":320,"url":"https:\/\/plazy.eco\/wp-content\/uploads\/2020\/08\/logo-1.png","type":"image\/png"}],"twitter_card":"summary_large_image","twitter_misc":{"Tempo estimado de leitura":"4 minutos"},"schema":{"@context":"https:\/\/schema.org","@graph":[{"@type":"WebPage","@id":"https:\/\/plazy.eco\/pt-pt\/politica-de-cookies\/","url":"https:\/\/plazy.eco\/pt-pt\/politica-de-cookies\/","name":"Pol\u00edtica de cookies | Plazy","isPartOf":{"@id":"https:\/\/plazy.eco\/pt-pt\/#website"},"datePublished":"2022-02-24T23:20:29+00:00","dateModified":"2026-03-24T16:43:07+00:00","inLanguage":"pt-PT","potentialAction":[{"@type":"ReadAction","target":["https:\/\/plazy.eco\/pt-pt\/politica-de-cookies\/"]}]},{"@type":"WebSite","@id":"https:\/\/plazy.eco\/pt-pt\/#website","url":"https:\/\/plazy.eco\/pt-pt\/","name":"Plazy","description":"Lavado de coches a domicilio","publisher":{"@id":"https:\/\/plazy.eco\/pt-pt\/#organization"},"alternateName":"Plazy","potentialAction":[{"@type":"SearchAction","target":{"@type":"EntryPoint","urlTemplate":"https:\/\/plazy.eco\/pt-pt\/?s={search_term_string}"},"query-input":{"@type":"PropertyValueSpecification","valueRequired":true,"valueName":"search_term_string"}}],"inLanguage":"pt-PT"},{"@type":"Organization","@id":"https:\/\/plazy.eco\/pt-pt\/#organization","name":"Plazy","alternateName":"Plazy","url":"https:\/\/plazy.eco\/pt-pt\/","logo":{"@type":"ImageObject","inLanguage":"pt-PT","@id":"https:\/\/plazy.eco\/pt-pt\/#\/schema\/logo\/image\/","url":"https:\/\/plazy.eco\/wp-content\/uploads\/2020\/08\/Logo-Plazy-Color.png","contentUrl":"https:\/\/plazy.eco\/wp-content\/uploads\/2020\/08\/Logo-Plazy-Color.png","width":666,"height":670,"caption":"Plazy"},"image":{"@id":"https:\/\/plazy.eco\/pt-pt\/#\/schema\/logo\/image\/"},"sameAs":["https:\/\/www.facebook.com\/plazy.eco\/","https:\/\/instagram.com\/plazy_eco","https:\/\/www.linkedin.com\/company\/plazy\/"]}]}},"_links":{"self":[{"href":"https:\/\/plazy.eco\/pt-pt\/wp-json\/wp\/v2\/pages\/103161","targetHints":{"allow":["GET"]}}],"collection":[{"href":"https:\/\/plazy.eco\/pt-pt\/wp-json\/wp\/v2\/pages"}],"about":[{"href":"https:\/\/plazy.eco\/pt-pt\/wp-json\/wp\/v2\/types\/page"}],"author":[{"embeddable":true,"href":"https:\/\/plazy.eco\/pt-pt\/wp-json\/wp\/v2\/users\/5"}],"replies":[{"embeddable":true,"href":"https:\/\/plazy.eco\/pt-pt\/wp-json\/wp\/v2\/comments?post=103161"}],"version-history":[{"count":2,"href":"https:\/\/plazy.eco\/pt-pt\/wp-json\/wp\/v2\/pages\/103161\/revisions"}],"predecessor-version":[{"id":103440,"href":"https:\/\/plazy.eco\/pt-pt\/wp-json\/wp\/v2\/pages\/103161\/revisions\/103440"}],"wp:attachment":[{"href":"https:\/\/plazy.eco\/pt-pt\/wp-json\/wp\/v2\/media?parent=103161"}],"curies":[{"name":"wp","href":"https:\/\/api.w.org\/{rel}","templated":true}]}}