{"id":103105,"date":"2022-02-25T00:13:00","date_gmt":"2022-02-24T23:13:00","guid":{"rendered":"https:\/\/plazy.eco\/mi-cuenta\/"},"modified":"2026-03-24T16:11:07","modified_gmt":"2026-03-24T15:11:07","slug":"mi-cuenta","status":"publish","type":"page","link":"https:\/\/plazy.eco\/pt-pt\/mi-cuenta\/","title":{"rendered":"A minha conta"},"content":{"rendered":"<div class=\"woocommerce\"><\/div>\n","protected":false},"excerpt":{"rendered":"","protected":false},"author":5,"featured_media":103106,"parent":0,"menu_order":0,"comment_status":"closed","ping_status":"closed","template":"templates\/template-account.php","meta":{"_acf_changed":false,"footnotes":""},"class_list":["post-103105","page","type-page","status-publish","has-post-thumbnail","hentry"],"acf":[],"yoast_head":"<!-- This site is optimized with the Yoast SEO plugin v27.3 - https:\/\/yoast.com\/product\/yoast-seo-wordpress\/ -->\n<title>Plazy | \u00c1rea do cliente<\/title>\n<meta name=\"description\" content=\"Registe-se! Poder\u00e1 gerir as suas reservas na sua \u00e1rea de cliente, aceder a descontos exclusivos e muito mais.\" \/>\n<meta name=\"robots\" content=\"index, follow, max-snippet:-1, max-image-preview:large, max-video-preview:-1\" \/>\n<link rel=\"canonical\" href=\"https:\/\/plazy.eco\/pt-pt\/mi-cuenta\/\" \/>\n<meta property=\"og:locale\" content=\"pt_PT\" \/>\n<meta property=\"og:type\" content=\"article\" \/>\n<meta property=\"og:title\" content=\"Plazy | \u00c1rea do cliente\" \/>\n<meta property=\"og:description\" content=\"Registe-se! Poder\u00e1 gerir as suas reservas na sua \u00e1rea de cliente, aceder a descontos exclusivos e muito mais.\" \/>\n<meta property=\"og:url\" content=\"https:\/\/plazy.eco\/pt-pt\/mi-cuenta\/\" \/>\n<meta property=\"og:site_name\" content=\"Plazy\" \/>\n<meta property=\"article:publisher\" content=\"https:\/\/www.facebook.com\/plazy.eco\/\" \/>\n<meta property=\"article:modified_time\" content=\"2026-03-24T15:11:07+00:00\" \/>\n<meta property=\"og:image\" content=\"https:\/\/plazy.eco\/wp-content\/uploads\/2020\/08\/Logo-plazy-GMAIL.png\" \/>\n\t<meta property=\"og:image:width\" content=\"280\" \/>\n\t<meta property=\"og:image:height\" content=\"280\" \/>\n\t<meta property=\"og:image:type\" content=\"image\/png\" \/>\n<meta name=\"twitter:card\" content=\"summary_large_image\" \/>\n<meta name=\"twitter:label1\" content=\"Tempo estimado de leitura\" \/>\n\t<meta name=\"twitter:data1\" content=\"1 minuto\" \/>\n<script type=\"application\/ld+json\" class=\"yoast-schema-graph\">{\"@context\":\"https:\\\/\\\/schema.org\",\"@graph\":[{\"@type\":\"WebPage\",\"@id\":\"https:\\\/\\\/plazy.eco\\\/pt-pt\\\/mi-cuenta\\\/\",\"url\":\"https:\\\/\\\/plazy.eco\\\/pt-pt\\\/mi-cuenta\\\/\",\"name\":\"Plazy | \u00c1rea do cliente\",\"isPartOf\":{\"@id\":\"https:\\\/\\\/plazy.eco\\\/pt-pt\\\/#website\"},\"primaryImageOfPage\":{\"@id\":\"https:\\\/\\\/plazy.eco\\\/pt-pt\\\/mi-cuenta\\\/#primaryimage\"},\"image\":{\"@id\":\"https:\\\/\\\/plazy.eco\\\/pt-pt\\\/mi-cuenta\\\/#primaryimage\"},\"thumbnailUrl\":\"https:\\\/\\\/plazy.eco\\\/wp-content\\\/uploads\\\/2020\\\/08\\\/Logo-plazy-GMAIL.png\",\"datePublished\":\"2022-02-24T23:13:00+00:00\",\"dateModified\":\"2026-03-24T15:11:07+00:00\",\"description\":\"Registe-se! Poder\u00e1 gerir as suas reservas na sua \u00e1rea de cliente, aceder a descontos exclusivos e muito mais.\",\"inLanguage\":\"pt-PT\",\"potentialAction\":[{\"@type\":\"ReadAction\",\"target\":[\"https:\\\/\\\/plazy.eco\\\/pt-pt\\\/mi-cuenta\\\/\"]}]},{\"@type\":\"ImageObject\",\"inLanguage\":\"pt-PT\",\"@id\":\"https:\\\/\\\/plazy.eco\\\/pt-pt\\\/mi-cuenta\\\/#primaryimage\",\"url\":\"https:\\\/\\\/plazy.eco\\\/wp-content\\\/uploads\\\/2020\\\/08\\\/Logo-plazy-GMAIL.png\",\"contentUrl\":\"https:\\\/\\\/plazy.eco\\\/wp-content\\\/uploads\\\/2020\\\/08\\\/Logo-plazy-GMAIL.png\",\"width\":280,\"height\":280},{\"@type\":\"WebSite\",\"@id\":\"https:\\\/\\\/plazy.eco\\\/pt-pt\\\/#website\",\"url\":\"https:\\\/\\\/plazy.eco\\\/pt-pt\\\/\",\"name\":\"Plazy\",\"description\":\"Lavado de coches a domicilio\",\"publisher\":{\"@id\":\"https:\\\/\\\/plazy.eco\\\/pt-pt\\\/#organization\"},\"alternateName\":\"Plazy\",\"potentialAction\":[{\"@type\":\"SearchAction\",\"target\":{\"@type\":\"EntryPoint\",\"urlTemplate\":\"https:\\\/\\\/plazy.eco\\\/pt-pt\\\/?s={search_term_string}\"},\"query-input\":{\"@type\":\"PropertyValueSpecification\",\"valueRequired\":true,\"valueName\":\"search_term_string\"}}],\"inLanguage\":\"pt-PT\"},{\"@type\":\"Organization\",\"@id\":\"https:\\\/\\\/plazy.eco\\\/pt-pt\\\/#organization\",\"name\":\"Plazy\",\"alternateName\":\"Plazy\",\"url\":\"https:\\\/\\\/plazy.eco\\\/pt-pt\\\/\",\"logo\":{\"@type\":\"ImageObject\",\"inLanguage\":\"pt-PT\",\"@id\":\"https:\\\/\\\/plazy.eco\\\/pt-pt\\\/#\\\/schema\\\/logo\\\/image\\\/\",\"url\":\"https:\\\/\\\/plazy.eco\\\/wp-content\\\/uploads\\\/2020\\\/08\\\/Logo-Plazy-Color.png\",\"contentUrl\":\"https:\\\/\\\/plazy.eco\\\/wp-content\\\/uploads\\\/2020\\\/08\\\/Logo-Plazy-Color.png\",\"width\":666,\"height\":670,\"caption\":\"Plazy\"},\"image\":{\"@id\":\"https:\\\/\\\/plazy.eco\\\/pt-pt\\\/#\\\/schema\\\/logo\\\/image\\\/\"},\"sameAs\":[\"https:\\\/\\\/www.facebook.com\\\/plazy.eco\\\/\",\"https:\\\/\\\/instagram.com\\\/plazy_eco\",\"https:\\\/\\\/www.linkedin.com\\\/company\\\/plazy\\\/\"]}]}<\/script>\n<!-- \/ Yoast SEO plugin. -->","yoast_head_json":{"title":"Plazy | \u00c1rea do cliente","description":"Registe-se! Poder\u00e1 gerir as suas reservas na sua \u00e1rea de cliente, aceder a descontos exclusivos e muito mais.","robots":{"index":"index","follow":"follow","max-snippet":"max-snippet:-1","max-image-preview":"max-image-preview:large","max-video-preview":"max-video-preview:-1"},"canonical":"https:\/\/plazy.eco\/pt-pt\/mi-cuenta\/","og_locale":"pt_PT","og_type":"article","og_title":"Plazy | \u00c1rea do cliente","og_description":"Registe-se! Poder\u00e1 gerir as suas reservas na sua \u00e1rea de cliente, aceder a descontos exclusivos e muito mais.","og_url":"https:\/\/plazy.eco\/pt-pt\/mi-cuenta\/","og_site_name":"Plazy","article_publisher":"https:\/\/www.facebook.com\/plazy.eco\/","article_modified_time":"2026-03-24T15:11:07+00:00","og_image":[{"width":280,"height":280,"url":"https:\/\/plazy.eco\/wp-content\/uploads\/2020\/08\/Logo-plazy-GMAIL.png","type":"image\/png"}],"twitter_card":"summary_large_image","twitter_misc":{"Tempo estimado de leitura":"1 minuto"},"schema":{"@context":"https:\/\/schema.org","@graph":[{"@type":"WebPage","@id":"https:\/\/plazy.eco\/pt-pt\/mi-cuenta\/","url":"https:\/\/plazy.eco\/pt-pt\/mi-cuenta\/","name":"Plazy | \u00c1rea do cliente","isPartOf":{"@id":"https:\/\/plazy.eco\/pt-pt\/#website"},"primaryImageOfPage":{"@id":"https:\/\/plazy.eco\/pt-pt\/mi-cuenta\/#primaryimage"},"image":{"@id":"https:\/\/plazy.eco\/pt-pt\/mi-cuenta\/#primaryimage"},"thumbnailUrl":"https:\/\/plazy.eco\/wp-content\/uploads\/2020\/08\/Logo-plazy-GMAIL.png","datePublished":"2022-02-24T23:13:00+00:00","dateModified":"2026-03-24T15:11:07+00:00","description":"Registe-se! Poder\u00e1 gerir as suas reservas na sua \u00e1rea de cliente, aceder a descontos exclusivos e muito mais.","inLanguage":"pt-PT","potentialAction":[{"@type":"ReadAction","target":["https:\/\/plazy.eco\/pt-pt\/mi-cuenta\/"]}]},{"@type":"ImageObject","inLanguage":"pt-PT","@id":"https:\/\/plazy.eco\/pt-pt\/mi-cuenta\/#primaryimage","url":"https:\/\/plazy.eco\/wp-content\/uploads\/2020\/08\/Logo-plazy-GMAIL.png","contentUrl":"https:\/\/plazy.eco\/wp-content\/uploads\/2020\/08\/Logo-plazy-GMAIL.png","width":280,"height":280},{"@type":"WebSite","@id":"https:\/\/plazy.eco\/pt-pt\/#website","url":"https:\/\/plazy.eco\/pt-pt\/","name":"Plazy","description":"Lavado de coches a domicilio","publisher":{"@id":"https:\/\/plazy.eco\/pt-pt\/#organization"},"alternateName":"Plazy","potentialAction":[{"@type":"SearchAction","target":{"@type":"EntryPoint","urlTemplate":"https:\/\/plazy.eco\/pt-pt\/?s={search_term_string}"},"query-input":{"@type":"PropertyValueSpecification","valueRequired":true,"valueName":"search_term_string"}}],"inLanguage":"pt-PT"},{"@type":"Organization","@id":"https:\/\/plazy.eco\/pt-pt\/#organization","name":"Plazy","alternateName":"Plazy","url":"https:\/\/plazy.eco\/pt-pt\/","logo":{"@type":"ImageObject","inLanguage":"pt-PT","@id":"https:\/\/plazy.eco\/pt-pt\/#\/schema\/logo\/image\/","url":"https:\/\/plazy.eco\/wp-content\/uploads\/2020\/08\/Logo-Plazy-Color.png","contentUrl":"https:\/\/plazy.eco\/wp-content\/uploads\/2020\/08\/Logo-Plazy-Color.png","width":666,"height":670,"caption":"Plazy"},"image":{"@id":"https:\/\/plazy.eco\/pt-pt\/#\/schema\/logo\/image\/"},"sameAs":["https:\/\/www.facebook.com\/plazy.eco\/","https:\/\/instagram.com\/plazy_eco","https:\/\/www.linkedin.com\/company\/plazy\/"]}]}},"_links":{"self":[{"href":"https:\/\/plazy.eco\/pt-pt\/wp-json\/wp\/v2\/pages\/103105","targetHints":{"allow":["GET"]}}],"collection":[{"href":"https:\/\/plazy.eco\/pt-pt\/wp-json\/wp\/v2\/pages"}],"about":[{"href":"https:\/\/plazy.eco\/pt-pt\/wp-json\/wp\/v2\/types\/page"}],"author":[{"embeddable":true,"href":"https:\/\/plazy.eco\/pt-pt\/wp-json\/wp\/v2\/users\/5"}],"replies":[{"embeddable":true,"href":"https:\/\/plazy.eco\/pt-pt\/wp-json\/wp\/v2\/comments?post=103105"}],"version-history":[{"count":1,"href":"https:\/\/plazy.eco\/pt-pt\/wp-json\/wp\/v2\/pages\/103105\/revisions"}],"predecessor-version":[{"id":103297,"href":"https:\/\/plazy.eco\/pt-pt\/wp-json\/wp\/v2\/pages\/103105\/revisions\/103297"}],"wp:featuredmedia":[{"embeddable":true,"href":"https:\/\/plazy.eco\/pt-pt\/wp-json\/wp\/v2\/media\/103106"}],"wp:attachment":[{"href":"https:\/\/plazy.eco\/pt-pt\/wp-json\/wp\/v2\/media?parent=103105"}],"curies":[{"name":"wp","href":"https:\/\/api.w.org\/{rel}","templated":true}]}}