{"id":103094,"date":"2020-10-26T18:24:58","date_gmt":"2020-10-26T17:24:58","guid":{"rendered":"https:\/\/plazy.eco\/error-404\/"},"modified":"2026-03-24T16:33:47","modified_gmt":"2026-03-24T15:33:47","slug":"error-404","status":"publish","type":"page","link":"https:\/\/plazy.eco\/pt-pt\/error-404\/","title":{"rendered":"Erro 404"},"content":{"rendered":"\n<h1 class=\"wp-block-heading has-text-align-center has-huge-font-size\">Erro 404<\/h1>\n\n\n\n<h3 class=\"wp-block-heading has-text-align-center\">N\u00e3o foi poss\u00edvel encontrar o conte\u00fado que procurava\u2026<\/h3>\n\n\n<div class=\"wp-block-image\">\n<figure class=\"aligncenter size-full is-resized\"><img loading=\"lazy\" decoding=\"async\" width=\"1216\" height=\"912\" src=\"https:\/\/plazy.eco\/wp-content\/uploads\/2020\/10\/hugo-page-not-found.png\" alt=\"\" class=\"wp-image-2929\" style=\"width:608px;height:456px\" srcset=\"https:\/\/plazy.eco\/wp-content\/uploads\/2020\/10\/hugo-page-not-found.png 1216w, https:\/\/plazy.eco\/wp-content\/uploads\/2020\/10\/hugo-page-not-found-600x450.png 600w, https:\/\/plazy.eco\/wp-content\/uploads\/2020\/10\/hugo-page-not-found-300x225.png 300w, https:\/\/plazy.eco\/wp-content\/uploads\/2020\/10\/hugo-page-not-found-1024x768.png 1024w, https:\/\/plazy.eco\/wp-content\/uploads\/2020\/10\/hugo-page-not-found-768x576.png 768w, https:\/\/plazy.eco\/wp-content\/uploads\/2020\/10\/hugo-page-not-found-800x600.png 800w\" sizes=\"auto, (max-width: 1216px) 100vw, 1216px\" \/><\/figure>\n<\/div>","protected":false},"excerpt":{"rendered":"<p>Erro 404 N\u00e3o foi poss\u00edvel encontrar o conte\u00fado que procurava\u2026<\/p>\n","protected":false},"author":5,"featured_media":0,"parent":0,"menu_order":0,"comment_status":"closed","ping_status":"closed","template":"templates\/template-sin-titulo.php","meta":{"_acf_changed":false,"footnotes":""},"class_list":["post-103094","page","type-page","status-publish","hentry"],"acf":[],"yoast_head":"<!-- This site is optimized with the Yoast SEO plugin v27.4 - https:\/\/yoast.com\/product\/yoast-seo-wordpress\/ -->\n<title>Erro 404 | Plazy<\/title>\n<meta name=\"robots\" content=\"noindex, nofollow\" \/>\n<meta property=\"og:locale\" content=\"pt_PT\" \/>\n<meta property=\"og:type\" content=\"article\" \/>\n<meta property=\"og:title\" content=\"Erro 404 | Plazy\" \/>\n<meta property=\"og:description\" content=\"Erro 404 N\u00e3o foi poss\u00edvel encontrar o conte\u00fado que procurava\u2026\" \/>\n<meta property=\"og:url\" content=\"https:\/\/plazy.eco\/pt-pt\/error-404\/\" \/>\n<meta property=\"og:site_name\" content=\"Plazy\" \/>\n<meta property=\"article:publisher\" content=\"https:\/\/www.facebook.com\/plazy.eco\/\" \/>\n<meta property=\"article:modified_time\" content=\"2026-03-24T15:33:47+00:00\" \/>\n<meta property=\"og:image\" content=\"https:\/\/plazy.eco\/wp-content\/uploads\/2020\/10\/hugo-page-not-found.png\" \/>\n\t<meta property=\"og:image:width\" content=\"1216\" \/>\n\t<meta property=\"og:image:height\" content=\"912\" \/>\n\t<meta property=\"og:image:type\" content=\"image\/png\" \/>\n<meta name=\"twitter:card\" content=\"summary_large_image\" \/>\n<meta name=\"twitter:label1\" content=\"Tempo estimado de leitura\" \/>\n\t<meta name=\"twitter:data1\" content=\"1 minuto\" \/>\n<script type=\"application\/ld+json\" class=\"yoast-schema-graph\">{\"@context\":\"https:\\\/\\\/schema.org\",\"@graph\":[{\"@type\":\"WebPage\",\"@id\":\"https:\\\/\\\/plazy.eco\\\/pt-pt\\\/error-404\\\/\",\"url\":\"https:\\\/\\\/plazy.eco\\\/pt-pt\\\/error-404\\\/\",\"name\":\"Erro 404 | Plazy\",\"isPartOf\":{\"@id\":\"https:\\\/\\\/plazy.eco\\\/pt-pt\\\/#website\"},\"primaryImageOfPage\":{\"@id\":\"https:\\\/\\\/plazy.eco\\\/pt-pt\\\/error-404\\\/#primaryimage\"},\"image\":{\"@id\":\"https:\\\/\\\/plazy.eco\\\/pt-pt\\\/error-404\\\/#primaryimage\"},\"thumbnailUrl\":\"https:\\\/\\\/plazy.eco\\\/wp-content\\\/uploads\\\/2020\\\/10\\\/hugo-page-not-found.png\",\"datePublished\":\"2020-10-26T17:24:58+00:00\",\"dateModified\":\"2026-03-24T15:33:47+00:00\",\"inLanguage\":\"pt-PT\",\"potentialAction\":[{\"@type\":\"ReadAction\",\"target\":[\"https:\\\/\\\/plazy.eco\\\/pt-pt\\\/error-404\\\/\"]}]},{\"@type\":\"ImageObject\",\"inLanguage\":\"pt-PT\",\"@id\":\"https:\\\/\\\/plazy.eco\\\/pt-pt\\\/error-404\\\/#primaryimage\",\"url\":\"https:\\\/\\\/plazy.eco\\\/wp-content\\\/uploads\\\/2020\\\/10\\\/hugo-page-not-found.png\",\"contentUrl\":\"https:\\\/\\\/plazy.eco\\\/wp-content\\\/uploads\\\/2020\\\/10\\\/hugo-page-not-found.png\"},{\"@type\":\"WebSite\",\"@id\":\"https:\\\/\\\/plazy.eco\\\/pt-pt\\\/#website\",\"url\":\"https:\\\/\\\/plazy.eco\\\/pt-pt\\\/\",\"name\":\"Plazy\",\"description\":\"Lavado de coches a domicilio\",\"publisher\":{\"@id\":\"https:\\\/\\\/plazy.eco\\\/pt-pt\\\/#organization\"},\"alternateName\":\"Plazy\",\"potentialAction\":[{\"@type\":\"SearchAction\",\"target\":{\"@type\":\"EntryPoint\",\"urlTemplate\":\"https:\\\/\\\/plazy.eco\\\/pt-pt\\\/?s={search_term_string}\"},\"query-input\":{\"@type\":\"PropertyValueSpecification\",\"valueRequired\":true,\"valueName\":\"search_term_string\"}}],\"inLanguage\":\"pt-PT\"},{\"@type\":\"Organization\",\"@id\":\"https:\\\/\\\/plazy.eco\\\/pt-pt\\\/#organization\",\"name\":\"Plazy\",\"alternateName\":\"Plazy\",\"url\":\"https:\\\/\\\/plazy.eco\\\/pt-pt\\\/\",\"logo\":{\"@type\":\"ImageObject\",\"inLanguage\":\"pt-PT\",\"@id\":\"https:\\\/\\\/plazy.eco\\\/pt-pt\\\/#\\\/schema\\\/logo\\\/image\\\/\",\"url\":\"https:\\\/\\\/plazy.eco\\\/wp-content\\\/uploads\\\/2020\\\/08\\\/Logo-Plazy-Color.png\",\"contentUrl\":\"https:\\\/\\\/plazy.eco\\\/wp-content\\\/uploads\\\/2020\\\/08\\\/Logo-Plazy-Color.png\",\"width\":666,\"height\":670,\"caption\":\"Plazy\"},\"image\":{\"@id\":\"https:\\\/\\\/plazy.eco\\\/pt-pt\\\/#\\\/schema\\\/logo\\\/image\\\/\"},\"sameAs\":[\"https:\\\/\\\/www.facebook.com\\\/plazy.eco\\\/\",\"https:\\\/\\\/instagram.com\\\/plazy_eco\",\"https:\\\/\\\/www.linkedin.com\\\/company\\\/plazy\\\/\"]}]}<\/script>\n<!-- \/ Yoast SEO plugin. -->","yoast_head_json":{"title":"Erro 404 | Plazy","robots":{"index":"noindex","follow":"nofollow"},"og_locale":"pt_PT","og_type":"article","og_title":"Erro 404 | Plazy","og_description":"Erro 404 N\u00e3o foi poss\u00edvel encontrar o conte\u00fado que procurava\u2026","og_url":"https:\/\/plazy.eco\/pt-pt\/error-404\/","og_site_name":"Plazy","article_publisher":"https:\/\/www.facebook.com\/plazy.eco\/","article_modified_time":"2026-03-24T15:33:47+00:00","og_image":[{"width":1216,"height":912,"url":"https:\/\/plazy.eco\/wp-content\/uploads\/2020\/10\/hugo-page-not-found.png","type":"image\/png"}],"twitter_card":"summary_large_image","twitter_misc":{"Tempo estimado de leitura":"1 minuto"},"schema":{"@context":"https:\/\/schema.org","@graph":[{"@type":"WebPage","@id":"https:\/\/plazy.eco\/pt-pt\/error-404\/","url":"https:\/\/plazy.eco\/pt-pt\/error-404\/","name":"Erro 404 | Plazy","isPartOf":{"@id":"https:\/\/plazy.eco\/pt-pt\/#website"},"primaryImageOfPage":{"@id":"https:\/\/plazy.eco\/pt-pt\/error-404\/#primaryimage"},"image":{"@id":"https:\/\/plazy.eco\/pt-pt\/error-404\/#primaryimage"},"thumbnailUrl":"https:\/\/plazy.eco\/wp-content\/uploads\/2020\/10\/hugo-page-not-found.png","datePublished":"2020-10-26T17:24:58+00:00","dateModified":"2026-03-24T15:33:47+00:00","inLanguage":"pt-PT","potentialAction":[{"@type":"ReadAction","target":["https:\/\/plazy.eco\/pt-pt\/error-404\/"]}]},{"@type":"ImageObject","inLanguage":"pt-PT","@id":"https:\/\/plazy.eco\/pt-pt\/error-404\/#primaryimage","url":"https:\/\/plazy.eco\/wp-content\/uploads\/2020\/10\/hugo-page-not-found.png","contentUrl":"https:\/\/plazy.eco\/wp-content\/uploads\/2020\/10\/hugo-page-not-found.png"},{"@type":"WebSite","@id":"https:\/\/plazy.eco\/pt-pt\/#website","url":"https:\/\/plazy.eco\/pt-pt\/","name":"Plazy","description":"Lavado de coches a domicilio","publisher":{"@id":"https:\/\/plazy.eco\/pt-pt\/#organization"},"alternateName":"Plazy","potentialAction":[{"@type":"SearchAction","target":{"@type":"EntryPoint","urlTemplate":"https:\/\/plazy.eco\/pt-pt\/?s={search_term_string}"},"query-input":{"@type":"PropertyValueSpecification","valueRequired":true,"valueName":"search_term_string"}}],"inLanguage":"pt-PT"},{"@type":"Organization","@id":"https:\/\/plazy.eco\/pt-pt\/#organization","name":"Plazy","alternateName":"Plazy","url":"https:\/\/plazy.eco\/pt-pt\/","logo":{"@type":"ImageObject","inLanguage":"pt-PT","@id":"https:\/\/plazy.eco\/pt-pt\/#\/schema\/logo\/image\/","url":"https:\/\/plazy.eco\/wp-content\/uploads\/2020\/08\/Logo-Plazy-Color.png","contentUrl":"https:\/\/plazy.eco\/wp-content\/uploads\/2020\/08\/Logo-Plazy-Color.png","width":666,"height":670,"caption":"Plazy"},"image":{"@id":"https:\/\/plazy.eco\/pt-pt\/#\/schema\/logo\/image\/"},"sameAs":["https:\/\/www.facebook.com\/plazy.eco\/","https:\/\/instagram.com\/plazy_eco","https:\/\/www.linkedin.com\/company\/plazy\/"]}]}},"_links":{"self":[{"href":"https:\/\/plazy.eco\/pt-pt\/wp-json\/wp\/v2\/pages\/103094","targetHints":{"allow":["GET"]}}],"collection":[{"href":"https:\/\/plazy.eco\/pt-pt\/wp-json\/wp\/v2\/pages"}],"about":[{"href":"https:\/\/plazy.eco\/pt-pt\/wp-json\/wp\/v2\/types\/page"}],"author":[{"embeddable":true,"href":"https:\/\/plazy.eco\/pt-pt\/wp-json\/wp\/v2\/users\/5"}],"replies":[{"embeddable":true,"href":"https:\/\/plazy.eco\/pt-pt\/wp-json\/wp\/v2\/comments?post=103094"}],"version-history":[{"count":2,"href":"https:\/\/plazy.eco\/pt-pt\/wp-json\/wp\/v2\/pages\/103094\/revisions"}],"predecessor-version":[{"id":103418,"href":"https:\/\/plazy.eco\/pt-pt\/wp-json\/wp\/v2\/pages\/103094\/revisions\/103418"}],"wp:attachment":[{"href":"https:\/\/plazy.eco\/pt-pt\/wp-json\/wp\/v2\/media?parent=103094"}],"curies":[{"name":"wp","href":"https:\/\/api.w.org\/{rel}","templated":true}]}}