{"id":103093,"date":"2020-09-14T08:32:10","date_gmt":"2020-09-14T06:32:10","guid":{"rendered":"https:\/\/plazy.eco\/aviso-legal\/"},"modified":"2026-03-24T16:33:04","modified_gmt":"2026-03-24T15:33:04","slug":"aviso-legal","status":"publish","type":"page","link":"https:\/\/plazy.eco\/pt-pt\/aviso-legal\/","title":{"rendered":"Aviso Legal"},"content":{"rendered":"\n<p>Este \u00e9 um aviso legal obrigat\u00f3rio que rege os termos de utiliza\u00e7\u00e3o que devem ser observados e seguidos pelos utilizadores deste site. Leia-o atentamente, pois o acesso a este site implica que leu e aceitou os seguintes termos sem reservas.<\/p>\n\n\n\n<h4 class=\"wp-block-heading\"><strong>1. Informa\u00e7\u00e3o em conformidade com a LSSI<\/strong><\/h4>\n\n\n\n<p>Para efeitos do artigo 10.\u00ba da Lei 34\/2002, de 11 de Julho, relativa aos Servi\u00e7os da Sociedade da Informa\u00e7\u00e3o e Com\u00e9rcio Electr\u00f3nico, os utilizadores deste site s\u00e3o informados de que o propriet\u00e1rio do site \u00e9 a Plazy Car Solutions, SL, com sede social em Plaza Granollers 25 B15 (08207) Sabadell, (Barcelona), e n\u00famero de identifica\u00e7\u00e3o fiscal (CIF) B-01818327.<\/p>\n\n\n\n<h4 class=\"wp-block-heading\"><strong>2. Termos de Utiliza\u00e7\u00e3o do Site<\/strong><\/h4>\n\n\n\n<p>O utilizador concorda em utilizar o site e os servi\u00e7os acess\u00edveis atrav\u00e9s do mesmo de forma diligente e em n\u00e3o utilizar os servi\u00e7os ou informa\u00e7\u00f5es contidos no site para realizar atividades contr\u00e1rias \u00e0 lei, \u00e0 moral, \u00e0 ordem p\u00fablica ou aos padr\u00f5es de conduta geralmente aceites, e em utiliz\u00e1-lo de acordo com este aviso legal.<\/p>\n\n\n\n<p>A Plazy poder\u00e1, a seu exclusivo crit\u00e9rio, interromper tempor\u00e1ria ou permanentemente o acesso ao site, bem como a presta\u00e7\u00e3o de quaisquer ou todos os servi\u00e7os oferecidos atrav\u00e9s do mesmo, a qualquer momento e sem aviso pr\u00e9vio. A Plazy reserva-se ainda o direito de negar ou retirar o acesso ao site a qualquer utilizador que viole os termos de utiliza\u00e7\u00e3o estabelecidos neste aviso legal, sem aviso pr\u00e9vio.<\/p>\n\n\n\n<p>Caso a Plazy ofere\u00e7a algum servi\u00e7o especial, promo\u00e7\u00e3o ou oferta especial atrav\u00e9s deste site, os termos e condi\u00e7\u00f5es espec\u00edficos que regem tal servi\u00e7o ou promo\u00e7\u00e3o ser\u00e3o estabelecidos no pr\u00f3prio site. Estes termos e condi\u00e7\u00f5es prevalecer\u00e3o sobre os termos de utiliza\u00e7\u00e3o e todas as demais disposi\u00e7\u00f5es estabelecidas neste aviso legal em caso de qualquer inconsist\u00eancia ou incompatibilidade entre os mesmos.<\/p>\n\n\n\n<h4 class=\"wp-block-heading\"><strong>3. Direitos de Propriedade Intelectual<\/strong><\/h4>\n\n\n\n<p>A Plazy det\u00e9m ou \u00e9 licenciada, consoante o caso, dos direitos de Propriedade Intelectual e Industrial sobre todo o conte\u00fado deste website, incluindo descri\u00e7\u00f5es de produtos, textos, imagens, fotografias, marcas registadas, log\u00f3tipos, bot\u00f5es, ficheiros de software, esquemas de cores, bem como a estrutura, sele\u00e7\u00e3o, organiza\u00e7\u00e3o e apresenta\u00e7\u00e3o do seu conte\u00fado, os quais est\u00e3o protegidos pelas leis espanholas e internacionais de Propriedade Intelectual e Industrial.<\/p>\n\n\n\n<p>Em caso algum o acesso a este website implica qualquer ren\u00fancia, transfer\u00eancia ou cess\u00e3o, total ou parcial, dos direitos concedidos pela legisla\u00e7\u00e3o espanhola e internacional em mat\u00e9ria de Propriedade Intelectual e Industrial. \u00c9 proibida a reprodu\u00e7\u00e3o, c\u00f3pia, utiliza\u00e7\u00e3o, distribui\u00e7\u00e3o, reutiliza\u00e7\u00e3o, explora\u00e7\u00e3o, cria\u00e7\u00e3o de obras derivadas, envio, transmiss\u00e3o, modifica\u00e7\u00e3o, cess\u00e3o ou qualquer outro ato que envolva a totalidade ou parte da informa\u00e7\u00e3o contida neste website, salvo autoriza\u00e7\u00e3o expressa da Plazy. Os utilizadores s\u00e3o obrigados a utilizar o conte\u00fado de forma diligente, correta e l\u00edcita, e, em particular, concordam em n\u00e3o remover, contornar ou manipular os direitos de autor e outras informa\u00e7\u00f5es de identifica\u00e7\u00e3o relativas aos direitos da Plazy ou dos seus propriet\u00e1rios incorporadas no conte\u00fado, bem como quaisquer medidas t\u00e9cnicas de prote\u00e7\u00e3o ou mecanismos de informa\u00e7\u00e3o que possam estar inclu\u00eddos no conte\u00fado. Al\u00e9m disso, os utilizadores devem abster-se de utilizar o conte\u00fado, e em particular qualquer informa\u00e7\u00e3o obtida atrav\u00e9s do website, para enviar publicidade, comunica\u00e7\u00f5es comerciais, mensagens n\u00e3o solicitadas a m\u00faltiplos destinat\u00e1rios, independentemente do seu prop\u00f3sito, ou para comercializar ou divulgar tal informa\u00e7\u00e3o de qualquer forma.<\/p>\n\n\n\n<p>Este site pertence a um dom\u00ednio registado pela Plazy e n\u00e3o pode ser utilizado, exceto com autoriza\u00e7\u00e3o pr\u00e9via e expressa, em rela\u00e7\u00e3o a quaisquer servi\u00e7os que n\u00e3o os da Plazy, de qualquer forma que possa causar confus\u00e3o entre os seus clientes ou desacreditar a Plazy. Neste sentido, aqueles que desejarem estabelecer uma liga\u00e7\u00e3o ou hiperliga\u00e7\u00e3o entre o seu site e este site dever\u00e3o obter uma autoriza\u00e7\u00e3o expressa e por escrito da Plazy. Esta autoriza\u00e7\u00e3o n\u00e3o implica qualquer rela\u00e7\u00e3o entre a Plazy e o propriet\u00e1rio do website onde o link \u00e9 estabelecido, nem implica a aprova\u00e7\u00e3o ou aceita\u00e7\u00e3o, por parte da Plazy, do seu conte\u00fado ou servi\u00e7os. Qualquer manipula\u00e7\u00e3o ou altera\u00e7\u00e3o deste website sem o consentimento pr\u00e9vio da Plazy \u00e9 estritamente proibida. Consequentemente, a Plazy n\u00e3o assumir\u00e1 qualquer responsabilidade decorrente, ou que possa advir, de tal altera\u00e7\u00e3o ou manipula\u00e7\u00e3o por terceiros.<\/p>\n\n\n\n<h4 class=\"wp-block-heading\"><strong>4. Limita\u00e7\u00e3o de Responsabilidade<\/strong><\/h4>\n\n\n\n<p>A Plazy rejeita toda a responsabilidade por qualquer decis\u00e3o tomada pelo utilizador em consequ\u00eancia da informa\u00e7\u00e3o contida neste website.<\/p>\n\n\n\n<p>A Plazy rejeita toda a responsabilidade por qualquer informa\u00e7\u00e3o que n\u00e3o tenha sido criada ou publicada em seu nome, bem como de qualquer responsabilidade decorrente da utiliza\u00e7\u00e3o indevida do conte\u00fado, e reserva-se o direito de atualizar, eliminar, limitar ou restringir o acesso ao mesmo, seja tempor\u00e1ria ou permanentemente. Apesar de tomar todas as precau\u00e7\u00f5es necess\u00e1rias para fornecer informa\u00e7\u00f5es atuais e precisas no nosso website, a Plazy n\u00e3o pode garantir a exatid\u00e3o ou a atualidade de todas as informa\u00e7\u00f5es fornecidas, nem a inexist\u00eancia de erros ou omiss\u00f5es. Os utilizadores devem estar cientes de que as informa\u00e7\u00f5es a que t\u00eam acesso s\u00e3o fornecidas nas condi\u00e7\u00f5es detalhadas neste aviso legal, sem qualquer garantia de que sejam precisas ou atualizadas. Da mesma forma, a Plazy n\u00e3o pode garantir o funcionamento cont\u00ednuo do site, nem que este estar\u00e1 operacional e dispon\u00edvel em todos os momentos. Al\u00e9m disso, a Plazy n\u00e3o se responsabiliza por quaisquer danos diretos ou indiretos, incluindo danos em sistemas inform\u00e1ticos e a introdu\u00e7\u00e3o de v\u00edrus presentes na rede, resultantes da navega\u00e7\u00e3o na internet necess\u00e1ria para a utiliza\u00e7\u00e3o deste site.<\/p>\n\n\n\n<h4 class=\"wp-block-heading\"><strong>5. Obriga\u00e7\u00f5es do Utilizador<\/strong><\/h4>\n\n\n\n<p>O utilizador ser\u00e1 respons\u00e1vel por quaisquer danos que a Plazy possa sofrer em consequ\u00eancia do incumprimento, por parte do utilizador, de qualquer das obriga\u00e7\u00f5es estabelecidas no presente Aviso Legal. Relativamente \u00e0 navega\u00e7\u00e3o, o utilizador concorda em observar diligente e fielmente as recomenda\u00e7\u00f5es que a Plazy possa estabelecer periodicamente sobre a utiliza\u00e7\u00e3o do website, as quais ser\u00e3o publicadas no mesmo.<\/p>\n\n\n\n<h4 class=\"wp-block-heading\"><strong>6. Privacidade<\/strong><\/h4>\n\n\n\n<p>Ao navegar neste website, o utilizador poder\u00e1 ser solicitado ou ter a op\u00e7\u00e3o de fornecer determinados dados pessoais, os quais a Plazy processar\u00e1 de acordo com os termos descritos na sua &#8220;POL\u00cdTICA DE PRIVACIDADE&#8221;, que \u00e9 incorporada a este Aviso Legal por refer\u00eancia a partir desta sec\u00e7\u00e3o.<\/p>\n\n\n\n<h4 class=\"wp-block-heading\"><strong>7. Vig\u00eancia e Modifica\u00e7\u00e3o<\/strong><\/h4>\n\n\n\n<p>A Plazy ter\u00e1 o direito de modificar unilateralmente os termos e condi\u00e7\u00f5es aqui estipulados, no todo ou em parte. A validade deste aviso legal coincide, portanto, com a data da sua publica\u00e7\u00e3o, at\u00e9 que seja modificado, no todo ou em parte, pela Plazy. A Plazy poder\u00e1, unilateralmente, terminar, suspender ou interromper o funcionamento deste website sem qualquer direito a indemniza\u00e7\u00e3o ao utilizador.<\/p>\n\n\n\n<h4 class=\"wp-block-heading\"><strong>8. Lei Aplic\u00e1vel e Jurisdi\u00e7\u00e3o<\/strong><\/h4>\n\n\n\n<p>Este aviso legal \u00e9 regido pela lei espanhola. Os utilizadores e a Plazy, renunciando expressamente a qualquer outra jurisdi\u00e7\u00e3o, submetem todas as interpreta\u00e7\u00f5es ou lit\u00edgios que possam surgir deste aviso legal aos tribunais da cidade de Barcelona, \u200b\u200bEspanha.<\/p>\n","protected":false},"excerpt":{"rendered":"<p>Este \u00e9 um aviso legal obrigat\u00f3rio que rege os termos de utiliza\u00e7\u00e3o que devem ser observados e seguidos pelos utilizadores deste site. Leia-o atentamente, pois o acesso a este site implica que leu e aceitou os seguintes termos sem reservas. 1. Informa\u00e7\u00e3o em conformidade com a LSSI Para efeitos do artigo 10.\u00ba da Lei 34\/2002,&#8230;<\/p>\n","protected":false},"author":5,"featured_media":0,"parent":0,"menu_order":0,"comment_status":"closed","ping_status":"closed","template":"","meta":{"_acf_changed":false,"footnotes":""},"class_list":["post-103093","page","type-page","status-publish","hentry"],"acf":[],"yoast_head":"<!-- This site is optimized with the Yoast SEO plugin v27.3 - https:\/\/yoast.com\/product\/yoast-seo-wordpress\/ -->\n<title>Aviso Legal | Plazy<\/title>\n<meta name=\"robots\" content=\"noindex, nofollow\" \/>\n<meta property=\"og:locale\" content=\"pt_PT\" \/>\n<meta property=\"og:type\" content=\"article\" \/>\n<meta property=\"og:title\" content=\"Aviso Legal | Plazy\" \/>\n<meta property=\"og:description\" content=\"Este \u00e9 um aviso legal obrigat\u00f3rio que rege os termos de utiliza\u00e7\u00e3o que devem ser observados e seguidos pelos utilizadores deste site. Leia-o atentamente, pois o acesso a este site implica que leu e aceitou os seguintes termos sem reservas. 1. Informa\u00e7\u00e3o em conformidade com a LSSI Para efeitos do artigo 10.\u00ba da Lei 34\/2002,...\" \/>\n<meta property=\"og:url\" content=\"https:\/\/plazy.eco\/pt-pt\/aviso-legal\/\" \/>\n<meta property=\"og:site_name\" content=\"Plazy\" \/>\n<meta property=\"article:publisher\" content=\"https:\/\/www.facebook.com\/plazy.eco\/\" \/>\n<meta property=\"article:modified_time\" content=\"2026-03-24T15:33:04+00:00\" \/>\n<meta property=\"og:image\" content=\"https:\/\/plazy.eco\/wp-content\/uploads\/2020\/08\/logo-1.png\" \/>\n\t<meta property=\"og:image:width\" content=\"666\" \/>\n\t<meta property=\"og:image:height\" content=\"320\" \/>\n\t<meta property=\"og:image:type\" content=\"image\/png\" \/>\n<meta name=\"twitter:card\" content=\"summary_large_image\" \/>\n<meta name=\"twitter:label1\" content=\"Tempo estimado de leitura\" \/>\n\t<meta name=\"twitter:data1\" content=\"6 minutos\" \/>\n<script type=\"application\/ld+json\" class=\"yoast-schema-graph\">{\"@context\":\"https:\\\/\\\/schema.org\",\"@graph\":[{\"@type\":\"WebPage\",\"@id\":\"https:\\\/\\\/plazy.eco\\\/pt-pt\\\/aviso-legal\\\/\",\"url\":\"https:\\\/\\\/plazy.eco\\\/pt-pt\\\/aviso-legal\\\/\",\"name\":\"Aviso Legal | Plazy\",\"isPartOf\":{\"@id\":\"https:\\\/\\\/plazy.eco\\\/pt-pt\\\/#website\"},\"datePublished\":\"2020-09-14T06:32:10+00:00\",\"dateModified\":\"2026-03-24T15:33:04+00:00\",\"inLanguage\":\"pt-PT\",\"potentialAction\":[{\"@type\":\"ReadAction\",\"target\":[\"https:\\\/\\\/plazy.eco\\\/pt-pt\\\/aviso-legal\\\/\"]}]},{\"@type\":\"WebSite\",\"@id\":\"https:\\\/\\\/plazy.eco\\\/pt-pt\\\/#website\",\"url\":\"https:\\\/\\\/plazy.eco\\\/pt-pt\\\/\",\"name\":\"Plazy\",\"description\":\"Lavado de coches a domicilio\",\"publisher\":{\"@id\":\"https:\\\/\\\/plazy.eco\\\/pt-pt\\\/#organization\"},\"alternateName\":\"Plazy\",\"potentialAction\":[{\"@type\":\"SearchAction\",\"target\":{\"@type\":\"EntryPoint\",\"urlTemplate\":\"https:\\\/\\\/plazy.eco\\\/pt-pt\\\/?s={search_term_string}\"},\"query-input\":{\"@type\":\"PropertyValueSpecification\",\"valueRequired\":true,\"valueName\":\"search_term_string\"}}],\"inLanguage\":\"pt-PT\"},{\"@type\":\"Organization\",\"@id\":\"https:\\\/\\\/plazy.eco\\\/pt-pt\\\/#organization\",\"name\":\"Plazy\",\"alternateName\":\"Plazy\",\"url\":\"https:\\\/\\\/plazy.eco\\\/pt-pt\\\/\",\"logo\":{\"@type\":\"ImageObject\",\"inLanguage\":\"pt-PT\",\"@id\":\"https:\\\/\\\/plazy.eco\\\/pt-pt\\\/#\\\/schema\\\/logo\\\/image\\\/\",\"url\":\"https:\\\/\\\/plazy.eco\\\/wp-content\\\/uploads\\\/2020\\\/08\\\/Logo-Plazy-Color.png\",\"contentUrl\":\"https:\\\/\\\/plazy.eco\\\/wp-content\\\/uploads\\\/2020\\\/08\\\/Logo-Plazy-Color.png\",\"width\":666,\"height\":670,\"caption\":\"Plazy\"},\"image\":{\"@id\":\"https:\\\/\\\/plazy.eco\\\/pt-pt\\\/#\\\/schema\\\/logo\\\/image\\\/\"},\"sameAs\":[\"https:\\\/\\\/www.facebook.com\\\/plazy.eco\\\/\",\"https:\\\/\\\/instagram.com\\\/plazy_eco\",\"https:\\\/\\\/www.linkedin.com\\\/company\\\/plazy\\\/\"]}]}<\/script>\n<!-- \/ Yoast SEO plugin. -->","yoast_head_json":{"title":"Aviso Legal | Plazy","robots":{"index":"noindex","follow":"nofollow"},"og_locale":"pt_PT","og_type":"article","og_title":"Aviso Legal | Plazy","og_description":"Este \u00e9 um aviso legal obrigat\u00f3rio que rege os termos de utiliza\u00e7\u00e3o que devem ser observados e seguidos pelos utilizadores deste site. Leia-o atentamente, pois o acesso a este site implica que leu e aceitou os seguintes termos sem reservas. 1. Informa\u00e7\u00e3o em conformidade com a LSSI Para efeitos do artigo 10.\u00ba da Lei 34\/2002,...","og_url":"https:\/\/plazy.eco\/pt-pt\/aviso-legal\/","og_site_name":"Plazy","article_publisher":"https:\/\/www.facebook.com\/plazy.eco\/","article_modified_time":"2026-03-24T15:33:04+00:00","og_image":[{"width":666,"height":320,"url":"https:\/\/plazy.eco\/wp-content\/uploads\/2020\/08\/logo-1.png","type":"image\/png"}],"twitter_card":"summary_large_image","twitter_misc":{"Tempo estimado de leitura":"6 minutos"},"schema":{"@context":"https:\/\/schema.org","@graph":[{"@type":"WebPage","@id":"https:\/\/plazy.eco\/pt-pt\/aviso-legal\/","url":"https:\/\/plazy.eco\/pt-pt\/aviso-legal\/","name":"Aviso Legal | Plazy","isPartOf":{"@id":"https:\/\/plazy.eco\/pt-pt\/#website"},"datePublished":"2020-09-14T06:32:10+00:00","dateModified":"2026-03-24T15:33:04+00:00","inLanguage":"pt-PT","potentialAction":[{"@type":"ReadAction","target":["https:\/\/plazy.eco\/pt-pt\/aviso-legal\/"]}]},{"@type":"WebSite","@id":"https:\/\/plazy.eco\/pt-pt\/#website","url":"https:\/\/plazy.eco\/pt-pt\/","name":"Plazy","description":"Lavado de coches a domicilio","publisher":{"@id":"https:\/\/plazy.eco\/pt-pt\/#organization"},"alternateName":"Plazy","potentialAction":[{"@type":"SearchAction","target":{"@type":"EntryPoint","urlTemplate":"https:\/\/plazy.eco\/pt-pt\/?s={search_term_string}"},"query-input":{"@type":"PropertyValueSpecification","valueRequired":true,"valueName":"search_term_string"}}],"inLanguage":"pt-PT"},{"@type":"Organization","@id":"https:\/\/plazy.eco\/pt-pt\/#organization","name":"Plazy","alternateName":"Plazy","url":"https:\/\/plazy.eco\/pt-pt\/","logo":{"@type":"ImageObject","inLanguage":"pt-PT","@id":"https:\/\/plazy.eco\/pt-pt\/#\/schema\/logo\/image\/","url":"https:\/\/plazy.eco\/wp-content\/uploads\/2020\/08\/Logo-Plazy-Color.png","contentUrl":"https:\/\/plazy.eco\/wp-content\/uploads\/2020\/08\/Logo-Plazy-Color.png","width":666,"height":670,"caption":"Plazy"},"image":{"@id":"https:\/\/plazy.eco\/pt-pt\/#\/schema\/logo\/image\/"},"sameAs":["https:\/\/www.facebook.com\/plazy.eco\/","https:\/\/instagram.com\/plazy_eco","https:\/\/www.linkedin.com\/company\/plazy\/"]}]}},"_links":{"self":[{"href":"https:\/\/plazy.eco\/pt-pt\/wp-json\/wp\/v2\/pages\/103093","targetHints":{"allow":["GET"]}}],"collection":[{"href":"https:\/\/plazy.eco\/pt-pt\/wp-json\/wp\/v2\/pages"}],"about":[{"href":"https:\/\/plazy.eco\/pt-pt\/wp-json\/wp\/v2\/types\/page"}],"author":[{"embeddable":true,"href":"https:\/\/plazy.eco\/pt-pt\/wp-json\/wp\/v2\/users\/5"}],"replies":[{"embeddable":true,"href":"https:\/\/plazy.eco\/pt-pt\/wp-json\/wp\/v2\/comments?post=103093"}],"version-history":[{"count":2,"href":"https:\/\/plazy.eco\/pt-pt\/wp-json\/wp\/v2\/pages\/103093\/revisions"}],"predecessor-version":[{"id":103417,"href":"https:\/\/plazy.eco\/pt-pt\/wp-json\/wp\/v2\/pages\/103093\/revisions\/103417"}],"wp:attachment":[{"href":"https:\/\/plazy.eco\/pt-pt\/wp-json\/wp\/v2\/media?parent=103093"}],"curies":[{"name":"wp","href":"https:\/\/api.w.org\/{rel}","templated":true}]}}