{"id":103092,"date":"2024-02-10T06:57:50","date_gmt":"2024-02-10T05:57:50","guid":{"rendered":"https:\/\/plazy.eco\/accesibilidad\/"},"modified":"2026-03-24T16:23:13","modified_gmt":"2026-03-24T15:23:13","slug":"accesibilidad","status":"publish","type":"page","link":"https:\/\/plazy.eco\/pt-pt\/accesibilidad\/","title":{"rendered":"Acessibilidade"},"content":{"rendered":"\n<p>A Plazy compromete-se a tornar o seu website acess\u00edvel, em conformidade com o <a href=\"https:\/\/www.boe.es\/diario_boe\/txt.php?id=BOE-A-2018-12699\" target=\"_blank\" rel=\"noreferrer noopener\">Real Decreto 1112\/2018, de 7 de setembro, relativo \u00e0 acessibilidade dos websites e aplica\u00e7\u00f5es m\u00f3veis do setor p\u00fablico<\/a>.<\/p>\n\n\n\n<p>Esta declara\u00e7\u00e3o de acessibilidade aplica-se ao website https:\/\/plazy.eco<\/p>\n\n\n\n<h4 class=\"wp-block-heading\"><strong>1. Estado de Conformidade<\/strong><\/h4>\n\n\n\n<p>Este website est\u00e1 parcialmente em conformidade com o <a href=\"https:\/\/www.boe.es\/diario_boe\/txt.php?id=BOE-A-2018-12699\" target=\"_blank\" rel=\"noreferrer noopener\">Real Decreto 1112\/2018<\/a>, devido \u00e0s exce\u00e7\u00f5es e incumprimentos dos aspetos indicados na sec\u00e7\u00e3o seguinte.<\/p>\n\n\n\n<h4 class=\"wp-block-heading\"><strong>2. Conte\u00fado Inacess\u00edvel<\/strong><\/h4>\n\n\n\n<p>O conte\u00fado listado abaixo n\u00e3o \u00e9 acess\u00edvel pelos seguintes motivos:<\/p>\n\n\n\n<h4 class=\"wp-block-heading\"><strong>3. Incumprimento do Real Decreto 1112\/2018<\/strong><\/h4>\n\n\n\n<p>Poder\u00e3o existir erros de edi\u00e7\u00e3o ocasionais em algumas p\u00e1ginas web. [4.1.1 Tratamento]<\/p>\n\n\n\n<h4 class=\"wp-block-heading\"><strong>4. Conte\u00fado Opcional<\/strong><\/h4>\n\n\n\n<p>Este portal foi concebido para permitir aos utilizadores alterar o tamanho e a cor do texto, bem como o fundo da p\u00e1gina, utilizando as defini\u00e7\u00f5es padr\u00e3o do browser.<\/p>\n\n\n\n<p>Para alterar o tamanho da letra nos principais navegadores da Web, utilize os seguintes menus:<\/p>\n\n\n\n<ul class=\"wp-block-list\">\n<li>Internet Explorer, Mozilla Firefox e Firefox: Ver &gt; Tamanho do Texto<\/li>\n\n\n\n<li>Opera: Ver &gt; Zoom<\/li>\n\n\n\n<li>Safari: Ver &gt; Aumentar Texto<\/li>\n\n\n\n<li>Chrome: Controlar p\u00e1gina atual &gt; Tamanho do Texto<\/li>\n\n\n\n<li>Para alterar o tamanho de todo o texto da p\u00e1gina:\n<ul class=\"wp-block-list\">\n<li>Ctrl + + para aumentar<\/li>\n\n\n\n<li>Ctrl + &#8211; para diminuir<\/li>\n\n\n\n<li>Ctrl+0 restaura o tamanho original do texto<\/li>\n\n\n\n<li>Se pretender sobrescrever a folha de estilo ou alterar a cor do texto, consulte a p\u00e1gina &#8220;Como Alterar o Tamanho ou as Cores do Texto&#8221; da WAI, dispon\u00edvel em espanhol em \u00bfC\u00f3mo cambiar el tama\u00f1o del texto o colores?<\/li>\n<\/ul>\n<\/li>\n<\/ul>\n","protected":false},"excerpt":{"rendered":"<p>A Plazy compromete-se a tornar o seu website acess\u00edvel, em conformidade com o Real Decreto 1112\/2018, de 7 de setembro, relativo \u00e0 acessibilidade dos websites e aplica\u00e7\u00f5es m\u00f3veis do setor p\u00fablico. Esta declara\u00e7\u00e3o de acessibilidade aplica-se ao website https:\/\/plazy.eco 1. Estado de Conformidade Este website est\u00e1 parcialmente em conformidade com o Real Decreto 1112\/2018, devido&#8230;<\/p>\n","protected":false},"author":5,"featured_media":0,"parent":0,"menu_order":0,"comment_status":"closed","ping_status":"closed","template":"","meta":{"_acf_changed":false,"footnotes":""},"class_list":["post-103092","page","type-page","status-publish","hentry"],"acf":[],"yoast_head":"<!-- This site is optimized with the Yoast SEO plugin v27.3 - https:\/\/yoast.com\/product\/yoast-seo-wordpress\/ -->\n<title>Acessibilidade | Plazy<\/title>\n<meta name=\"robots\" content=\"index, follow, max-snippet:-1, max-image-preview:large, max-video-preview:-1\" \/>\n<link rel=\"canonical\" href=\"https:\/\/plazy.eco\/pt-pt\/accesibilidad\/\" \/>\n<meta property=\"og:locale\" content=\"pt_PT\" \/>\n<meta property=\"og:type\" content=\"article\" \/>\n<meta property=\"og:title\" content=\"Acessibilidade | Plazy\" \/>\n<meta property=\"og:description\" content=\"A Plazy compromete-se a tornar o seu website acess\u00edvel, em conformidade com o Real Decreto 1112\/2018, de 7 de setembro, relativo \u00e0 acessibilidade dos websites e aplica\u00e7\u00f5es m\u00f3veis do setor p\u00fablico. Esta declara\u00e7\u00e3o de acessibilidade aplica-se ao website https:\/\/plazy.eco 1. Estado de Conformidade Este website est\u00e1 parcialmente em conformidade com o Real Decreto 1112\/2018, devido...\" \/>\n<meta property=\"og:url\" content=\"https:\/\/plazy.eco\/pt-pt\/accesibilidad\/\" \/>\n<meta property=\"og:site_name\" content=\"Plazy\" \/>\n<meta property=\"article:publisher\" content=\"https:\/\/www.facebook.com\/plazy.eco\/\" \/>\n<meta property=\"article:modified_time\" content=\"2026-03-24T15:23:13+00:00\" \/>\n<meta property=\"og:image\" content=\"https:\/\/plazy.eco\/wp-content\/uploads\/2020\/08\/logo-1.png\" \/>\n\t<meta property=\"og:image:width\" content=\"666\" \/>\n\t<meta property=\"og:image:height\" content=\"320\" \/>\n\t<meta property=\"og:image:type\" content=\"image\/png\" \/>\n<meta name=\"twitter:card\" content=\"summary_large_image\" \/>\n<meta name=\"twitter:label1\" content=\"Tempo estimado de leitura\" \/>\n\t<meta name=\"twitter:data1\" content=\"2 minutos\" \/>\n<script type=\"application\/ld+json\" class=\"yoast-schema-graph\">{\"@context\":\"https:\\\/\\\/schema.org\",\"@graph\":[{\"@type\":\"WebPage\",\"@id\":\"https:\\\/\\\/plazy.eco\\\/pt-pt\\\/accesibilidad\\\/\",\"url\":\"https:\\\/\\\/plazy.eco\\\/pt-pt\\\/accesibilidad\\\/\",\"name\":\"Acessibilidade | Plazy\",\"isPartOf\":{\"@id\":\"https:\\\/\\\/plazy.eco\\\/pt-pt\\\/#website\"},\"datePublished\":\"2024-02-10T05:57:50+00:00\",\"dateModified\":\"2026-03-24T15:23:13+00:00\",\"inLanguage\":\"pt-PT\",\"potentialAction\":[{\"@type\":\"ReadAction\",\"target\":[\"https:\\\/\\\/plazy.eco\\\/pt-pt\\\/accesibilidad\\\/\"]}]},{\"@type\":\"WebSite\",\"@id\":\"https:\\\/\\\/plazy.eco\\\/pt-pt\\\/#website\",\"url\":\"https:\\\/\\\/plazy.eco\\\/pt-pt\\\/\",\"name\":\"Plazy\",\"description\":\"Lavado de coches a domicilio\",\"publisher\":{\"@id\":\"https:\\\/\\\/plazy.eco\\\/pt-pt\\\/#organization\"},\"alternateName\":\"Plazy\",\"potentialAction\":[{\"@type\":\"SearchAction\",\"target\":{\"@type\":\"EntryPoint\",\"urlTemplate\":\"https:\\\/\\\/plazy.eco\\\/pt-pt\\\/?s={search_term_string}\"},\"query-input\":{\"@type\":\"PropertyValueSpecification\",\"valueRequired\":true,\"valueName\":\"search_term_string\"}}],\"inLanguage\":\"pt-PT\"},{\"@type\":\"Organization\",\"@id\":\"https:\\\/\\\/plazy.eco\\\/pt-pt\\\/#organization\",\"name\":\"Plazy\",\"alternateName\":\"Plazy\",\"url\":\"https:\\\/\\\/plazy.eco\\\/pt-pt\\\/\",\"logo\":{\"@type\":\"ImageObject\",\"inLanguage\":\"pt-PT\",\"@id\":\"https:\\\/\\\/plazy.eco\\\/pt-pt\\\/#\\\/schema\\\/logo\\\/image\\\/\",\"url\":\"https:\\\/\\\/plazy.eco\\\/wp-content\\\/uploads\\\/2020\\\/08\\\/Logo-Plazy-Color.png\",\"contentUrl\":\"https:\\\/\\\/plazy.eco\\\/wp-content\\\/uploads\\\/2020\\\/08\\\/Logo-Plazy-Color.png\",\"width\":666,\"height\":670,\"caption\":\"Plazy\"},\"image\":{\"@id\":\"https:\\\/\\\/plazy.eco\\\/pt-pt\\\/#\\\/schema\\\/logo\\\/image\\\/\"},\"sameAs\":[\"https:\\\/\\\/www.facebook.com\\\/plazy.eco\\\/\",\"https:\\\/\\\/instagram.com\\\/plazy_eco\",\"https:\\\/\\\/www.linkedin.com\\\/company\\\/plazy\\\/\"]}]}<\/script>\n<!-- \/ Yoast SEO plugin. -->","yoast_head_json":{"title":"Acessibilidade | Plazy","robots":{"index":"index","follow":"follow","max-snippet":"max-snippet:-1","max-image-preview":"max-image-preview:large","max-video-preview":"max-video-preview:-1"},"canonical":"https:\/\/plazy.eco\/pt-pt\/accesibilidad\/","og_locale":"pt_PT","og_type":"article","og_title":"Acessibilidade | Plazy","og_description":"A Plazy compromete-se a tornar o seu website acess\u00edvel, em conformidade com o Real Decreto 1112\/2018, de 7 de setembro, relativo \u00e0 acessibilidade dos websites e aplica\u00e7\u00f5es m\u00f3veis do setor p\u00fablico. Esta declara\u00e7\u00e3o de acessibilidade aplica-se ao website https:\/\/plazy.eco 1. Estado de Conformidade Este website est\u00e1 parcialmente em conformidade com o Real Decreto 1112\/2018, devido...","og_url":"https:\/\/plazy.eco\/pt-pt\/accesibilidad\/","og_site_name":"Plazy","article_publisher":"https:\/\/www.facebook.com\/plazy.eco\/","article_modified_time":"2026-03-24T15:23:13+00:00","og_image":[{"width":666,"height":320,"url":"https:\/\/plazy.eco\/wp-content\/uploads\/2020\/08\/logo-1.png","type":"image\/png"}],"twitter_card":"summary_large_image","twitter_misc":{"Tempo estimado de leitura":"2 minutos"},"schema":{"@context":"https:\/\/schema.org","@graph":[{"@type":"WebPage","@id":"https:\/\/plazy.eco\/pt-pt\/accesibilidad\/","url":"https:\/\/plazy.eco\/pt-pt\/accesibilidad\/","name":"Acessibilidade | Plazy","isPartOf":{"@id":"https:\/\/plazy.eco\/pt-pt\/#website"},"datePublished":"2024-02-10T05:57:50+00:00","dateModified":"2026-03-24T15:23:13+00:00","inLanguage":"pt-PT","potentialAction":[{"@type":"ReadAction","target":["https:\/\/plazy.eco\/pt-pt\/accesibilidad\/"]}]},{"@type":"WebSite","@id":"https:\/\/plazy.eco\/pt-pt\/#website","url":"https:\/\/plazy.eco\/pt-pt\/","name":"Plazy","description":"Lavado de coches a domicilio","publisher":{"@id":"https:\/\/plazy.eco\/pt-pt\/#organization"},"alternateName":"Plazy","potentialAction":[{"@type":"SearchAction","target":{"@type":"EntryPoint","urlTemplate":"https:\/\/plazy.eco\/pt-pt\/?s={search_term_string}"},"query-input":{"@type":"PropertyValueSpecification","valueRequired":true,"valueName":"search_term_string"}}],"inLanguage":"pt-PT"},{"@type":"Organization","@id":"https:\/\/plazy.eco\/pt-pt\/#organization","name":"Plazy","alternateName":"Plazy","url":"https:\/\/plazy.eco\/pt-pt\/","logo":{"@type":"ImageObject","inLanguage":"pt-PT","@id":"https:\/\/plazy.eco\/pt-pt\/#\/schema\/logo\/image\/","url":"https:\/\/plazy.eco\/wp-content\/uploads\/2020\/08\/Logo-Plazy-Color.png","contentUrl":"https:\/\/plazy.eco\/wp-content\/uploads\/2020\/08\/Logo-Plazy-Color.png","width":666,"height":670,"caption":"Plazy"},"image":{"@id":"https:\/\/plazy.eco\/pt-pt\/#\/schema\/logo\/image\/"},"sameAs":["https:\/\/www.facebook.com\/plazy.eco\/","https:\/\/instagram.com\/plazy_eco","https:\/\/www.linkedin.com\/company\/plazy\/"]}]}},"_links":{"self":[{"href":"https:\/\/plazy.eco\/pt-pt\/wp-json\/wp\/v2\/pages\/103092","targetHints":{"allow":["GET"]}}],"collection":[{"href":"https:\/\/plazy.eco\/pt-pt\/wp-json\/wp\/v2\/pages"}],"about":[{"href":"https:\/\/plazy.eco\/pt-pt\/wp-json\/wp\/v2\/types\/page"}],"author":[{"embeddable":true,"href":"https:\/\/plazy.eco\/pt-pt\/wp-json\/wp\/v2\/users\/5"}],"replies":[{"embeddable":true,"href":"https:\/\/plazy.eco\/pt-pt\/wp-json\/wp\/v2\/comments?post=103092"}],"version-history":[{"count":2,"href":"https:\/\/plazy.eco\/pt-pt\/wp-json\/wp\/v2\/pages\/103092\/revisions"}],"predecessor-version":[{"id":103413,"href":"https:\/\/plazy.eco\/pt-pt\/wp-json\/wp\/v2\/pages\/103092\/revisions\/103413"}],"wp:attachment":[{"href":"https:\/\/plazy.eco\/pt-pt\/wp-json\/wp\/v2\/media?parent=103092"}],"curies":[{"name":"wp","href":"https:\/\/api.w.org\/{rel}","templated":true}]}}