{"id":13608,"date":"2022-03-08T21:02:14","date_gmt":"2022-03-08T20:02:14","guid":{"rendered":"https:\/\/plazy.eco\/terminos-y-condiciones"},"modified":"2024-06-04T17:27:29","modified_gmt":"2024-06-04T15:27:29","slug":"terminos-y-condiciones","status":"publish","type":"page","link":"https:\/\/plazy.eco\/ca\/terminos-y-condiciones\/","title":{"rendered":"Termes i Condicions"},"content":{"rendered":"\n<p>Plazy Car Solutions S.L. posa a disposici\u00f3 dels seus clients, el seu portal a internet <a href=\"https:\/\/plazy.eco\/\">https:\/\/plazy.eco\/<\/a> (d&#8217;ara endavant la web), per tal que puguin contractar els serveis que s&#8217;hi ofereixen. Es recomana llegir els Termes i Condicions abans de procedir a una comanda.<\/p>\n\n\n\n<p>Plazy Car Solutions S.L. podr\u00e0 modificar en qualsevol moment aquestes condicions de venda, sempre respectant els compromisos pr\u00e8viament adquirits pels seus clients. Les modificacions seran publicades a la web per donar-se a con\u00e8ixer.<\/p>\n\n\n\n<p>Plazy Car Solutions S.L. es compromet a no permetre cap transacci\u00f3 que sigui il\u00b7legal, o es consideri per les marques de targetes de cr\u00e8dit o el banc adquirient, que pugui o tingui el potencial de danyar-ne la bona voluntat o influir-hi de manera negativa.<\/p>\n\n\n\n<p>Per a qualsevol reclamaci\u00f3 el client es podr\u00e0 adre\u00e7ar a Plazy Car Solutions S.L., Pla\u00e7a Granollers 25 B15. 08207. Sabadell, Barcelona (Espanya).<\/p>\n\n\n\n<h4 class=\"wp-block-heading\"><strong>Proc\u00e9s de reserva<\/strong><\/h4>\n\n\n\n<p>Per fer una reserva a la web es requereix que l&#8217;usuari es registri emplenant un formulari. Un cop registrat, l&#8217;usuari podr\u00e0 accedir a la seva \u00e0rea de client, on podr\u00e0 fer les reserves dels serveis seguint aquests passos:<\/p>\n\n\n\n<ol class=\"wp-block-list\">\n<li>Introduir les dades del vehicle<\/li>\n\n\n\n<li>Seleccionar el servei desitjat entre els disponibles segons el tipus de vehicle<\/li>\n\n\n\n<li>Introduir les dades de l&#8217;adre\u00e7a on realitzarem el servei<\/li>\n\n\n\n<li>Seleccionar el dia i l&#8217;hora d&#8217;entre els disponibles<\/li>\n<\/ol>\n\n\n\n<p>El client es compromet a donar les dades amb la m\u00e0xima exactitud. Qualsevol dada que pugui comprometre la nostra feina podria comportar la p\u00e8rdua del servei i dels diners. Abans de finalitzar el proc\u00e9s de compra, el client haur\u00e0 d&#8217;acceptar expressament les Condicions Generals de Contractaci\u00f3.<\/p>\n\n\n\n<h4 class=\"wp-block-heading\"><strong>Limitacions de venda<\/strong><\/h4>\n\n\n\n<p>Les ofertes presents a la web i els serveis prestats per Plazy Car Solutions S.L. estan dirigits, \u00fanica i exclusivament, a persones f\u00edsiques, majors d&#8217;edat, o jur\u00eddiques que tinguin la consideraci\u00f3 de consumidors o usuaris finals en atenci\u00f3 a la normativa vigent (Reial decret legislatiu 1\/2007, de 16 de novembre). En conseq\u00fc\u00e8ncia, qui no reuneixi els requisits anteriors no podr\u00e0 adquirir els productes mitjan\u00e7ant aquest web.<\/p>\n\n\n\n<p>Per tant, mitjan\u00e7ant l&#8217;acceptaci\u00f3 de les presents condicions de venda, l&#8217;usuari declara que \u00e9s una persona amb capacitat per contractar i que ha llegit i accepta les presents Condicions Generals de Contractaci\u00f3.<\/p>\n\n\n\n<h4 class=\"wp-block-heading\"><strong>Productes<\/strong><\/h4>\n\n\n\n<p>Plazy Car Solutions S.L. podr\u00e0 ampliar productes aix\u00ed com millorar els existents.<\/p>\n\n\n\n<h4 class=\"wp-block-heading\"><strong>Preus i formes de pagament<\/strong><\/h4>\n\n\n\n<p>Els preus i les tarifes aplicables s\u00f3n els que figuren a cada moment a la web, on apareixen detallats en euros i inclouen l&#8217;impost sobre el valor afegit (I.V.A.).<\/p>\n\n\n\n<p>Les formes de pagament admeses s\u00f3n: targeta de d\u00e8bit i cr\u00e8dit. Es disposa d&#8217;un sistema de pagament segur. Quan l&#8217;usuari faci una compra amb targeta accedir\u00e0 a la passarel\u00b7la segura de l&#8217;entitat banc\u00e0ria per introduir-hi les dades.<\/p>\n\n\n\n<p>Les dades de pagament s\u00f3n totalment confidencials.<\/p>\n\n\n\n<h4 class=\"wp-block-heading\"><strong>Seguiment de la comanda<\/strong><\/h4>\n\n\n\n<p>El client podr\u00e0 saber l&#8217;estat de la comanda a trav\u00e9s de la pr\u00f2pia web accedint a la seva \u00e0rea de client.<\/p>\n\n\n\n<h4 class=\"wp-block-heading\"><strong>Factura<\/strong><\/h4>\n\n\n\n<p>El client podr\u00e0 sol\u00b7licitar la factura en format electr\u00f2nic a trav\u00e9s del formulari de contacte de la web o contactant amb nosaltres a trav\u00e9s del correu electr\u00f2nic <a href=\"mailto:info@plazy.eco\">info@plazy.eco<\/a>.<\/p>\n\n\n\n<h4 class=\"wp-block-heading\"><strong>Dret de canvi o desistiment<\/strong><\/h4>\n\n\n\n<p>El client pot canviar dades del servei o cancel\u00b7lar el servei abans dels dos dies h\u00e0bils del servei. Si no si fes amb aquesta antelaci\u00f3, no es retornen els diners.<\/p>\n\n\n\n<p>Si el client decideix cancel\u00b7lar un rentat es crear\u00e0 un cup\u00f3 descompte per l&#8217;import del rentat perqu\u00e8 pugui bescanviar a qualsevol dels nostres productes i serveis vigents a la data de la compra.<\/p>\n\n\n\n<p>Si el client s&#8217;oblida del rentat o arriba amb m\u00e9s de 20 minuts de retard, pot provocar la cancel\u00b7laci\u00f3 del rentat.<\/p>\n\n\n\n<p>Per protegir la salut dels nostres treballadors no es faran serveis en vehicles que estiguin a ple sol durant els mesos de calor. En aquests casos, Plazy es reserva el dret d&#8217;anul\u00b7lar el servei de manera autom\u00e0tica sense obligaci\u00f3 de devoluci\u00f3 de l&#8217;import.<\/p>\n\n\n\n<p>Solem trobar molts objectes dins dels cotxes (claus, comandaments, monedes, etc) i sempre intentem deixar-los on els hem trobat o tots junts al maleter. Per facilitar aquesta part del proc\u00e9s et demanem, si pot ser, deixar la menor quantitat d&#8217;objectes dins del vehicle, ja que de vegades poden provocar que la neteja no sigui \u00f2ptima i fins i tot es pot aspirar algun objecte petit per accident.<\/p>\n","protected":false},"excerpt":{"rendered":"<p>Plazy Car Solutions S.L. posa a disposici\u00f3 dels seus clients, el seu portal a internet https:\/\/plazy.eco\/ (d&#8217;ara endavant la web), per tal que puguin contractar els serveis que s&#8217;hi ofereixen. Es recomana llegir els Termes i Condicions abans de procedir a una comanda. Plazy Car Solutions S.L. podr\u00e0 modificar en qualsevol moment aquestes condicions de&#8230;<\/p>\n","protected":false},"author":5,"featured_media":0,"parent":0,"menu_order":0,"comment_status":"closed","ping_status":"closed","template":"","meta":{"_acf_changed":false,"footnotes":""},"class_list":["post-13608","page","type-page","status-publish","hentry"],"acf":[],"yoast_head":"<!-- This site is optimized with the Yoast SEO plugin v27.3 - https:\/\/yoast.com\/product\/yoast-seo-wordpress\/ -->\n<title>Termes i Condicions | Plazy<\/title>\n<meta name=\"robots\" content=\"noindex, nofollow\" \/>\n<meta property=\"og:locale\" content=\"ca_ES\" \/>\n<meta property=\"og:type\" content=\"article\" \/>\n<meta property=\"og:title\" content=\"Termes i Condicions | Plazy\" \/>\n<meta property=\"og:description\" content=\"Plazy Car Solutions S.L. posa a disposici\u00f3 dels seus clients, el seu portal a internet https:\/\/plazy.eco\/ (d&#8217;ara endavant la web), per tal que puguin contractar els serveis que s&#8217;hi ofereixen. Es recomana llegir els Termes i Condicions abans de procedir a una comanda. Plazy Car Solutions S.L. podr\u00e0 modificar en qualsevol moment aquestes condicions de...\" \/>\n<meta property=\"og:url\" content=\"https:\/\/plazy.eco\/ca\/terminos-y-condiciones\/\" \/>\n<meta property=\"og:site_name\" content=\"Plazy\" \/>\n<meta property=\"article:publisher\" content=\"https:\/\/www.facebook.com\/plazy.eco\/\" \/>\n<meta property=\"article:modified_time\" content=\"2024-06-04T15:27:29+00:00\" \/>\n<meta property=\"og:image\" content=\"https:\/\/plazy.eco\/wp-content\/uploads\/2020\/08\/logo-1.png\" \/>\n\t<meta property=\"og:image:width\" content=\"666\" \/>\n\t<meta property=\"og:image:height\" content=\"320\" \/>\n\t<meta property=\"og:image:type\" content=\"image\/png\" \/>\n<meta name=\"twitter:card\" content=\"summary_large_image\" \/>\n<meta name=\"twitter:label1\" content=\"Temps estimat de lectura\" \/>\n\t<meta name=\"twitter:data1\" content=\"4 minuts\" \/>\n<script type=\"application\/ld+json\" class=\"yoast-schema-graph\">{\"@context\":\"https:\\\/\\\/schema.org\",\"@graph\":[{\"@type\":\"WebPage\",\"@id\":\"https:\\\/\\\/plazy.eco\\\/ca\\\/terminos-y-condiciones\\\/\",\"url\":\"https:\\\/\\\/plazy.eco\\\/ca\\\/terminos-y-condiciones\\\/\",\"name\":\"Termes i Condicions | Plazy\",\"isPartOf\":{\"@id\":\"https:\\\/\\\/plazy.eco\\\/ca\\\/#website\"},\"datePublished\":\"2022-03-08T20:02:14+00:00\",\"dateModified\":\"2024-06-04T15:27:29+00:00\",\"inLanguage\":\"ca\",\"potentialAction\":[{\"@type\":\"ReadAction\",\"target\":[\"https:\\\/\\\/plazy.eco\\\/ca\\\/terminos-y-condiciones\\\/\"]}]},{\"@type\":\"WebSite\",\"@id\":\"https:\\\/\\\/plazy.eco\\\/ca\\\/#website\",\"url\":\"https:\\\/\\\/plazy.eco\\\/ca\\\/\",\"name\":\"Plazy\",\"description\":\"Lavado de coches a domicilio\",\"publisher\":{\"@id\":\"https:\\\/\\\/plazy.eco\\\/ca\\\/#organization\"},\"alternateName\":\"Plazy\",\"potentialAction\":[{\"@type\":\"SearchAction\",\"target\":{\"@type\":\"EntryPoint\",\"urlTemplate\":\"https:\\\/\\\/plazy.eco\\\/ca\\\/?s={search_term_string}\"},\"query-input\":{\"@type\":\"PropertyValueSpecification\",\"valueRequired\":true,\"valueName\":\"search_term_string\"}}],\"inLanguage\":\"ca\"},{\"@type\":\"Organization\",\"@id\":\"https:\\\/\\\/plazy.eco\\\/ca\\\/#organization\",\"name\":\"Plazy\",\"alternateName\":\"Plazy\",\"url\":\"https:\\\/\\\/plazy.eco\\\/ca\\\/\",\"logo\":{\"@type\":\"ImageObject\",\"inLanguage\":\"ca\",\"@id\":\"https:\\\/\\\/plazy.eco\\\/ca\\\/#\\\/schema\\\/logo\\\/image\\\/\",\"url\":\"https:\\\/\\\/plazy.eco\\\/wp-content\\\/uploads\\\/2020\\\/08\\\/Logo-Plazy-Color.png\",\"contentUrl\":\"https:\\\/\\\/plazy.eco\\\/wp-content\\\/uploads\\\/2020\\\/08\\\/Logo-Plazy-Color.png\",\"width\":666,\"height\":670,\"caption\":\"Plazy\"},\"image\":{\"@id\":\"https:\\\/\\\/plazy.eco\\\/ca\\\/#\\\/schema\\\/logo\\\/image\\\/\"},\"sameAs\":[\"https:\\\/\\\/www.facebook.com\\\/plazy.eco\\\/\",\"https:\\\/\\\/instagram.com\\\/plazy_eco\",\"https:\\\/\\\/www.linkedin.com\\\/company\\\/plazy\\\/\"]}]}<\/script>\n<!-- \/ Yoast SEO plugin. -->","yoast_head_json":{"title":"Termes i Condicions | Plazy","robots":{"index":"noindex","follow":"nofollow"},"og_locale":"ca_ES","og_type":"article","og_title":"Termes i Condicions | Plazy","og_description":"Plazy Car Solutions S.L. posa a disposici\u00f3 dels seus clients, el seu portal a internet https:\/\/plazy.eco\/ (d&#8217;ara endavant la web), per tal que puguin contractar els serveis que s&#8217;hi ofereixen. Es recomana llegir els Termes i Condicions abans de procedir a una comanda. Plazy Car Solutions S.L. podr\u00e0 modificar en qualsevol moment aquestes condicions de...","og_url":"https:\/\/plazy.eco\/ca\/terminos-y-condiciones\/","og_site_name":"Plazy","article_publisher":"https:\/\/www.facebook.com\/plazy.eco\/","article_modified_time":"2024-06-04T15:27:29+00:00","og_image":[{"width":666,"height":320,"url":"https:\/\/plazy.eco\/wp-content\/uploads\/2020\/08\/logo-1.png","type":"image\/png"}],"twitter_card":"summary_large_image","twitter_misc":{"Temps estimat de lectura":"4 minuts"},"schema":{"@context":"https:\/\/schema.org","@graph":[{"@type":"WebPage","@id":"https:\/\/plazy.eco\/ca\/terminos-y-condiciones\/","url":"https:\/\/plazy.eco\/ca\/terminos-y-condiciones\/","name":"Termes i Condicions | Plazy","isPartOf":{"@id":"https:\/\/plazy.eco\/ca\/#website"},"datePublished":"2022-03-08T20:02:14+00:00","dateModified":"2024-06-04T15:27:29+00:00","inLanguage":"ca","potentialAction":[{"@type":"ReadAction","target":["https:\/\/plazy.eco\/ca\/terminos-y-condiciones\/"]}]},{"@type":"WebSite","@id":"https:\/\/plazy.eco\/ca\/#website","url":"https:\/\/plazy.eco\/ca\/","name":"Plazy","description":"Lavado de coches a domicilio","publisher":{"@id":"https:\/\/plazy.eco\/ca\/#organization"},"alternateName":"Plazy","potentialAction":[{"@type":"SearchAction","target":{"@type":"EntryPoint","urlTemplate":"https:\/\/plazy.eco\/ca\/?s={search_term_string}"},"query-input":{"@type":"PropertyValueSpecification","valueRequired":true,"valueName":"search_term_string"}}],"inLanguage":"ca"},{"@type":"Organization","@id":"https:\/\/plazy.eco\/ca\/#organization","name":"Plazy","alternateName":"Plazy","url":"https:\/\/plazy.eco\/ca\/","logo":{"@type":"ImageObject","inLanguage":"ca","@id":"https:\/\/plazy.eco\/ca\/#\/schema\/logo\/image\/","url":"https:\/\/plazy.eco\/wp-content\/uploads\/2020\/08\/Logo-Plazy-Color.png","contentUrl":"https:\/\/plazy.eco\/wp-content\/uploads\/2020\/08\/Logo-Plazy-Color.png","width":666,"height":670,"caption":"Plazy"},"image":{"@id":"https:\/\/plazy.eco\/ca\/#\/schema\/logo\/image\/"},"sameAs":["https:\/\/www.facebook.com\/plazy.eco\/","https:\/\/instagram.com\/plazy_eco","https:\/\/www.linkedin.com\/company\/plazy\/"]}]}},"_links":{"self":[{"href":"https:\/\/plazy.eco\/ca\/wp-json\/wp\/v2\/pages\/13608","targetHints":{"allow":["GET"]}}],"collection":[{"href":"https:\/\/plazy.eco\/ca\/wp-json\/wp\/v2\/pages"}],"about":[{"href":"https:\/\/plazy.eco\/ca\/wp-json\/wp\/v2\/types\/page"}],"author":[{"embeddable":true,"href":"https:\/\/plazy.eco\/ca\/wp-json\/wp\/v2\/users\/5"}],"replies":[{"embeddable":true,"href":"https:\/\/plazy.eco\/ca\/wp-json\/wp\/v2\/comments?post=13608"}],"version-history":[{"count":2,"href":"https:\/\/plazy.eco\/ca\/wp-json\/wp\/v2\/pages\/13608\/revisions"}],"predecessor-version":[{"id":25018,"href":"https:\/\/plazy.eco\/ca\/wp-json\/wp\/v2\/pages\/13608\/revisions\/25018"}],"wp:attachment":[{"href":"https:\/\/plazy.eco\/ca\/wp-json\/wp\/v2\/media?parent=13608"}],"curies":[{"name":"wp","href":"https:\/\/api.w.org\/{rel}","templated":true}]}}