{"id":13442,"date":"2022-02-25T00:13:00","date_gmt":"2022-02-24T23:13:00","guid":{"rendered":"https:\/\/plazy.eco\/mi-cuenta"},"modified":"2026-03-18T15:42:34","modified_gmt":"2026-03-18T14:42:34","slug":"el-meu-compte","status":"publish","type":"page","link":"https:\/\/plazy.eco\/ca\/el-meu-compte\/","title":{"rendered":"El meu compte"},"content":{"rendered":"<div class=\"woocommerce\"><\/div>\n","protected":false},"excerpt":{"rendered":"","protected":false},"author":5,"featured_media":2884,"parent":0,"menu_order":0,"comment_status":"closed","ping_status":"closed","template":"templates\/template-account.php","meta":{"_acf_changed":false,"footnotes":""},"class_list":["post-13442","page","type-page","status-publish","has-post-thumbnail","hentry"],"acf":[],"yoast_head":"<!-- This site is optimized with the Yoast SEO plugin v27.4 - https:\/\/yoast.com\/product\/yoast-seo-wordpress\/ -->\n<title>Plazy | \u00c1rea de clientes<\/title>\n<meta name=\"description\" content=\"Registra&#039;t! Pots gestionar les reserves des de la teva \u00e0rea de client, accedir a descomptes exclusius i moltes coses m\u00e9s.\" \/>\n<meta name=\"robots\" content=\"index, follow, max-snippet:-1, max-image-preview:large, max-video-preview:-1\" \/>\n<link rel=\"canonical\" href=\"https:\/\/plazy.eco\/ca\/el-meu-compte\/\" \/>\n<meta property=\"og:locale\" content=\"ca_ES\" \/>\n<meta property=\"og:type\" content=\"article\" \/>\n<meta property=\"og:title\" content=\"Plazy | \u00c1rea de clientes\" \/>\n<meta property=\"og:description\" content=\"Registra&#039;t! Pots gestionar les reserves des de la teva \u00e0rea de client, accedir a descomptes exclusius i moltes coses m\u00e9s.\" \/>\n<meta property=\"og:url\" content=\"https:\/\/plazy.eco\/ca\/el-meu-compte\/\" \/>\n<meta property=\"og:site_name\" content=\"Plazy\" \/>\n<meta property=\"article:publisher\" content=\"https:\/\/www.facebook.com\/plazy.eco\/\" \/>\n<meta property=\"article:modified_time\" content=\"2026-03-18T14:42:34+00:00\" \/>\n<meta property=\"og:image\" content=\"https:\/\/plazy.eco\/wp-content\/uploads\/2020\/08\/Logo-plazy-GMAIL.png\" \/>\n\t<meta property=\"og:image:width\" content=\"280\" \/>\n\t<meta property=\"og:image:height\" content=\"280\" \/>\n\t<meta property=\"og:image:type\" content=\"image\/png\" \/>\n<meta name=\"twitter:card\" content=\"summary_large_image\" \/>\n<meta name=\"twitter:label1\" content=\"Temps estimat de lectura\" \/>\n\t<meta name=\"twitter:data1\" content=\"1 minut\" \/>\n<script type=\"application\/ld+json\" class=\"yoast-schema-graph\">{\"@context\":\"https:\\\/\\\/schema.org\",\"@graph\":[{\"@type\":\"WebPage\",\"@id\":\"https:\\\/\\\/plazy.eco\\\/ca\\\/el-meu-compte\\\/\",\"url\":\"https:\\\/\\\/plazy.eco\\\/ca\\\/el-meu-compte\\\/\",\"name\":\"Plazy | \u00c1rea de clientes\",\"isPartOf\":{\"@id\":\"https:\\\/\\\/plazy.eco\\\/ca\\\/#website\"},\"primaryImageOfPage\":{\"@id\":\"https:\\\/\\\/plazy.eco\\\/ca\\\/el-meu-compte\\\/#primaryimage\"},\"image\":{\"@id\":\"https:\\\/\\\/plazy.eco\\\/ca\\\/el-meu-compte\\\/#primaryimage\"},\"thumbnailUrl\":\"https:\\\/\\\/plazy.eco\\\/wp-content\\\/uploads\\\/2020\\\/08\\\/Logo-plazy-GMAIL.png\",\"datePublished\":\"2022-02-24T23:13:00+00:00\",\"dateModified\":\"2026-03-18T14:42:34+00:00\",\"description\":\"Registra't! Pots gestionar les reserves des de la teva \u00e0rea de client, accedir a descomptes exclusius i moltes coses m\u00e9s.\",\"inLanguage\":\"ca\",\"potentialAction\":[{\"@type\":\"ReadAction\",\"target\":[\"https:\\\/\\\/plazy.eco\\\/ca\\\/el-meu-compte\\\/\"]}]},{\"@type\":\"ImageObject\",\"inLanguage\":\"ca\",\"@id\":\"https:\\\/\\\/plazy.eco\\\/ca\\\/el-meu-compte\\\/#primaryimage\",\"url\":\"https:\\\/\\\/plazy.eco\\\/wp-content\\\/uploads\\\/2020\\\/08\\\/Logo-plazy-GMAIL.png\",\"contentUrl\":\"https:\\\/\\\/plazy.eco\\\/wp-content\\\/uploads\\\/2020\\\/08\\\/Logo-plazy-GMAIL.png\",\"width\":280,\"height\":280},{\"@type\":\"WebSite\",\"@id\":\"https:\\\/\\\/plazy.eco\\\/ca\\\/#website\",\"url\":\"https:\\\/\\\/plazy.eco\\\/ca\\\/\",\"name\":\"Plazy\",\"description\":\"Lavado de coches a domicilio\",\"publisher\":{\"@id\":\"https:\\\/\\\/plazy.eco\\\/ca\\\/#organization\"},\"alternateName\":\"Plazy\",\"potentialAction\":[{\"@type\":\"SearchAction\",\"target\":{\"@type\":\"EntryPoint\",\"urlTemplate\":\"https:\\\/\\\/plazy.eco\\\/ca\\\/?s={search_term_string}\"},\"query-input\":{\"@type\":\"PropertyValueSpecification\",\"valueRequired\":true,\"valueName\":\"search_term_string\"}}],\"inLanguage\":\"ca\"},{\"@type\":\"Organization\",\"@id\":\"https:\\\/\\\/plazy.eco\\\/ca\\\/#organization\",\"name\":\"Plazy\",\"alternateName\":\"Plazy\",\"url\":\"https:\\\/\\\/plazy.eco\\\/ca\\\/\",\"logo\":{\"@type\":\"ImageObject\",\"inLanguage\":\"ca\",\"@id\":\"https:\\\/\\\/plazy.eco\\\/ca\\\/#\\\/schema\\\/logo\\\/image\\\/\",\"url\":\"https:\\\/\\\/plazy.eco\\\/wp-content\\\/uploads\\\/2020\\\/08\\\/Logo-Plazy-Color.png\",\"contentUrl\":\"https:\\\/\\\/plazy.eco\\\/wp-content\\\/uploads\\\/2020\\\/08\\\/Logo-Plazy-Color.png\",\"width\":666,\"height\":670,\"caption\":\"Plazy\"},\"image\":{\"@id\":\"https:\\\/\\\/plazy.eco\\\/ca\\\/#\\\/schema\\\/logo\\\/image\\\/\"},\"sameAs\":[\"https:\\\/\\\/www.facebook.com\\\/plazy.eco\\\/\",\"https:\\\/\\\/instagram.com\\\/plazy_eco\",\"https:\\\/\\\/www.linkedin.com\\\/company\\\/plazy\\\/\"]}]}<\/script>\n<!-- \/ Yoast SEO plugin. -->","yoast_head_json":{"title":"Plazy | \u00c1rea de clientes","description":"Registra't! Pots gestionar les reserves des de la teva \u00e0rea de client, accedir a descomptes exclusius i moltes coses m\u00e9s.","robots":{"index":"index","follow":"follow","max-snippet":"max-snippet:-1","max-image-preview":"max-image-preview:large","max-video-preview":"max-video-preview:-1"},"canonical":"https:\/\/plazy.eco\/ca\/el-meu-compte\/","og_locale":"ca_ES","og_type":"article","og_title":"Plazy | \u00c1rea de clientes","og_description":"Registra't! Pots gestionar les reserves des de la teva \u00e0rea de client, accedir a descomptes exclusius i moltes coses m\u00e9s.","og_url":"https:\/\/plazy.eco\/ca\/el-meu-compte\/","og_site_name":"Plazy","article_publisher":"https:\/\/www.facebook.com\/plazy.eco\/","article_modified_time":"2026-03-18T14:42:34+00:00","og_image":[{"width":280,"height":280,"url":"https:\/\/plazy.eco\/wp-content\/uploads\/2020\/08\/Logo-plazy-GMAIL.png","type":"image\/png"}],"twitter_card":"summary_large_image","twitter_misc":{"Temps estimat de lectura":"1 minut"},"schema":{"@context":"https:\/\/schema.org","@graph":[{"@type":"WebPage","@id":"https:\/\/plazy.eco\/ca\/el-meu-compte\/","url":"https:\/\/plazy.eco\/ca\/el-meu-compte\/","name":"Plazy | \u00c1rea de clientes","isPartOf":{"@id":"https:\/\/plazy.eco\/ca\/#website"},"primaryImageOfPage":{"@id":"https:\/\/plazy.eco\/ca\/el-meu-compte\/#primaryimage"},"image":{"@id":"https:\/\/plazy.eco\/ca\/el-meu-compte\/#primaryimage"},"thumbnailUrl":"https:\/\/plazy.eco\/wp-content\/uploads\/2020\/08\/Logo-plazy-GMAIL.png","datePublished":"2022-02-24T23:13:00+00:00","dateModified":"2026-03-18T14:42:34+00:00","description":"Registra't! Pots gestionar les reserves des de la teva \u00e0rea de client, accedir a descomptes exclusius i moltes coses m\u00e9s.","inLanguage":"ca","potentialAction":[{"@type":"ReadAction","target":["https:\/\/plazy.eco\/ca\/el-meu-compte\/"]}]},{"@type":"ImageObject","inLanguage":"ca","@id":"https:\/\/plazy.eco\/ca\/el-meu-compte\/#primaryimage","url":"https:\/\/plazy.eco\/wp-content\/uploads\/2020\/08\/Logo-plazy-GMAIL.png","contentUrl":"https:\/\/plazy.eco\/wp-content\/uploads\/2020\/08\/Logo-plazy-GMAIL.png","width":280,"height":280},{"@type":"WebSite","@id":"https:\/\/plazy.eco\/ca\/#website","url":"https:\/\/plazy.eco\/ca\/","name":"Plazy","description":"Lavado de coches a domicilio","publisher":{"@id":"https:\/\/plazy.eco\/ca\/#organization"},"alternateName":"Plazy","potentialAction":[{"@type":"SearchAction","target":{"@type":"EntryPoint","urlTemplate":"https:\/\/plazy.eco\/ca\/?s={search_term_string}"},"query-input":{"@type":"PropertyValueSpecification","valueRequired":true,"valueName":"search_term_string"}}],"inLanguage":"ca"},{"@type":"Organization","@id":"https:\/\/plazy.eco\/ca\/#organization","name":"Plazy","alternateName":"Plazy","url":"https:\/\/plazy.eco\/ca\/","logo":{"@type":"ImageObject","inLanguage":"ca","@id":"https:\/\/plazy.eco\/ca\/#\/schema\/logo\/image\/","url":"https:\/\/plazy.eco\/wp-content\/uploads\/2020\/08\/Logo-Plazy-Color.png","contentUrl":"https:\/\/plazy.eco\/wp-content\/uploads\/2020\/08\/Logo-Plazy-Color.png","width":666,"height":670,"caption":"Plazy"},"image":{"@id":"https:\/\/plazy.eco\/ca\/#\/schema\/logo\/image\/"},"sameAs":["https:\/\/www.facebook.com\/plazy.eco\/","https:\/\/instagram.com\/plazy_eco","https:\/\/www.linkedin.com\/company\/plazy\/"]}]}},"_links":{"self":[{"href":"https:\/\/plazy.eco\/ca\/wp-json\/wp\/v2\/pages\/13442","targetHints":{"allow":["GET"]}}],"collection":[{"href":"https:\/\/plazy.eco\/ca\/wp-json\/wp\/v2\/pages"}],"about":[{"href":"https:\/\/plazy.eco\/ca\/wp-json\/wp\/v2\/types\/page"}],"author":[{"embeddable":true,"href":"https:\/\/plazy.eco\/ca\/wp-json\/wp\/v2\/users\/5"}],"replies":[{"embeddable":true,"href":"https:\/\/plazy.eco\/ca\/wp-json\/wp\/v2\/comments?post=13442"}],"version-history":[{"count":1,"href":"https:\/\/plazy.eco\/ca\/wp-json\/wp\/v2\/pages\/13442\/revisions"}],"predecessor-version":[{"id":24456,"href":"https:\/\/plazy.eco\/ca\/wp-json\/wp\/v2\/pages\/13442\/revisions\/24456"}],"wp:featuredmedia":[{"embeddable":true,"href":"https:\/\/plazy.eco\/ca\/wp-json\/wp\/v2\/media\/2884"}],"wp:attachment":[{"href":"https:\/\/plazy.eco\/ca\/wp-json\/wp\/v2\/media?parent=13442"}],"curies":[{"name":"wp","href":"https:\/\/api.w.org\/{rel}","templated":true}]}}