{"id":12650,"date":"2020-09-14T08:26:08","date_gmt":"2020-09-14T06:26:08","guid":{"rendered":"https:\/\/plazy.eco\/politica-de-privacidad"},"modified":"2024-06-04T17:17:59","modified_gmt":"2024-06-04T15:17:59","slug":"politica-de-privadesa","status":"publish","type":"page","link":"https:\/\/plazy.eco\/ca\/politica-de-privadesa\/","title":{"rendered":"Pol\u00edtica de privadesa"},"content":{"rendered":"\n<p>D&#8217;acord amb el que disposa el\u00a0<strong>Reglament (UE) 2016\/679 del Parlament Europeu i del Consell de 27 d&#8217;abril de 2016 relatiu a la protecci\u00f3 de les persones f\u00edsiques pel que fa al tractament de dades personals ia la lliure circulaci\u00f3 d&#8217;aquestes dades i pel qual es deroga la Directiva 95\/46\/CE<\/strong>\u00a0(d&#8217;ara endavant, \u201c<strong>RGPD<\/strong>\u201d), a continuaci\u00f3 us informem de la nostra pol\u00edtica de protecci\u00f3 de dades.<\/p>\n\n\n\n<h4 class=\"wp-block-heading\"><strong>1. Dades del Responsable del tractament<\/strong><\/h4>\n\n\n\n<figure class=\"wp-block-table\"><table class=\"table table-condensed\"><tbody><tr><td><strong>Identitat<\/strong><\/td><td>Plazy Car Solutions S.L. B01818327<\/td><\/tr><tr><td><strong>Dir.<\/strong>&nbsp;<strong>postal<\/strong><\/td><td>Plaza Granollers 25 B15. 08207. Sabadell, Barcelona (Espa\u00f1a)<\/td><\/tr><tr><td><strong>Tel\u00e8fon<\/strong><\/td><td>+ 034 646 31 51 24<\/td><\/tr><tr><td><strong>E-mail<\/strong><\/td><td><a href=\"mailto:info@plazy.eco\">info@plazy.eco<\/a><\/td><\/tr><tr><td><strong>DPO o contacte<\/strong><\/td><td><a href=\"mailto:info@plazy.eco\">info@plazy.eco<\/a><\/td><\/tr><\/tbody><\/table><\/figure>\n\n\n\n<h4 class=\"wp-block-heading\"><strong>2. Finalitat, legitimaci\u00f3 i termini de conservaci\u00f3 de les dades<\/strong><\/h4>\n\n\n\n<p><strong>2.1. Finalitat<\/strong><\/p>\n\n\n\n<p>S&#8217;informa a l&#8217;usuari que les dades personals i d&#8217;informaci\u00f3 que faciliti a les empreses responsables del tractament es tractaran d&#8217;acord amb les seg\u00fcents finalitats segons la manera com hagin estat proporcionades:<\/p>\n\n\n\n<p>Per a les finalitats de la pol\u00edtica de privadesa de\u00a0<a href=\"https:\/\/plazy.eco\/\">plazy.eco<\/a>:<\/p>\n\n\n\n<ol class=\"wp-block-list\">\n<li>Reserva de rentat<\/li>\n\n\n\n<li>Donar resposta a les consultes realitzades per l&#8217;Usuari.<\/li>\n\n\n\n<li>Donar resposta a la pregunta o informaci\u00f3 enviada per l&#8217;usuari via xat.<\/li>\n\n\n\n<li>Consulteu l&#8217;Usuari sobre el servei i possibles \u00e0rees de millora.<\/li>\n<\/ol>\n\n\n\n<p><strong>2.2. Legitimaci\u00f3<\/strong><\/p>\n\n\n\n<p>La base legal per al tractament de les seves dades \u00e9s el seu consentiment, efectuat en el moment que volunt\u00e0riament va escriure i posteriorment va comunicar les seves dades al formulari i va acceptar a la casella corresponent.<\/p>\n\n\n\n<p><strong>2.3. Termini de conservaci\u00f3 de les dades<\/strong><\/p>\n\n\n\n<p>Les vostres dades es conservaran, en funci\u00f3 de la finalitat per a la qual van ser facilitades, durant els per\u00edodes que a continuaci\u00f3 s&#8217;indiquen:<\/p>\n\n\n\n<p>Cada finalitat tindr\u00e0 un termini de conservaci\u00f3 de dades espec\u00edfic.<\/p>\n\n\n\n<p>Per al termini de conservaci\u00f3 de dades per a la pol\u00edtica de privadesa de\u00a0<a href=\"https:\/\/plazy.eco\/\">plazy.eco<\/a>:<\/p>\n\n\n\n<ul class=\"wp-block-list\">\n<li>Les reserves es guarden per sempre.<\/li>\n\n\n\n<li>A les consultes plantejades mitjan\u00e7ant el formulari de Contacte, una vegada resolta la vostra consulta les vostres dades seran esborrades en sis mesos.<\/li>\n\n\n\n<li>A les consultes plantejades via xat, una vegada resolta la consulta les seves dades seran esborrades en sis mesos.<\/li>\n<\/ul>\n\n\n\n<p>Aix\u00ed mateix, us informem que, al marge dels per\u00edodes abans referits, conservarem les vostres dades durant els preceptius terminis de prescripci\u00f3 a fi de complir amb les nostres obligacions legals, per a la gesti\u00f3 dels nostres drets (interposar o defensar, si escau, una reclamaci\u00f3) , aplicant aix\u00ed mateix el que disposa la normativa co<\/p>\n\n\n\n<h4 class=\"wp-block-heading\"><strong>3. Destinataris de les dades: cessionaris i encarregats de tractament<\/strong><\/h4>\n\n\n\n<p>Us informem que les vostres dades no es comunicaran tercers, excepte obligaci\u00f3 legal, encara que podran ser cedides a empreses dins del mateix grup empresarial sempre que hagi acceptat la pol\u00edtica de privadesa de la p\u00e0gina web.<\/p>\n\n\n\n<p>Addicionalment us informem que, en determinats sup\u00f2sits, podem comunicar les vostres dades a altres entitats (incloent-hi empreses del grup Plazy) que ens presten serveis propis d&#8217;ag\u00e8ncies de comunicaci\u00f3, m\u00e0rqueting, mitjans digitals i xarxes socials, que ens ajuden a prestar els nostres serveis de forma eficient i sempre a l&#8217;empara de la normativa vigent i, amb les quals, en la seva condici\u00f3 d&#8217;encarregats de tractament de les dades titularitat de Plazy, i de conformitat amb all\u00f2 previst a l&#8217;article 28 GDPR, s&#8217;ha formalitzat un contracte que legitima l&#8217;acc\u00e9s d&#8217;aquestes entitats a les dades personals i que inclou les obligacions que cal contemplar en el tractament.<\/p>\n\n\n\n<h4 class=\"wp-block-heading\"><strong>4. Drets de linteressat<\/strong><\/h4>\n\n\n\n<p>Finalment, us comuniquem que teniu dret a obtenir confirmaci\u00f3 sobre si els responsables del tractament estan tractant dades personals que us concerneixin, o no. Aix\u00ed mateix, t\u00e9 dret a accedir a les seves dades personals, aix\u00ed com a sol\u00b7licitar la rectificaci\u00f3 de les dades inexactes o, si escau, sol\u00b7licitar-ne la supressi\u00f3 quan, entre altres motius, les dades ja no siguin necess\u00e0ries per als fins que van ser recollides.<\/p>\n\n\n\n<p>En determinades circumst\u00e0ncies, vost\u00e8: (i) podr\u00e0 sol\u00b7licitar la limitaci\u00f3 del tractament de les seves dades, cas en qu\u00e8 \u00fanicament les conservarem per a l&#8217;exercici o la defensa de reclamacions; (ii) per motius relacionats amb la seva situaci\u00f3 particular, es pot oposar al tractament de les seves dades, sup\u00f2sit en qu\u00e8 els responsables del tractament deixaran de tractar-los excepte per motius leg\u00edtims imperiosos, o l&#8217;exercici o la defensa de possibles reclamacions; i, en cas d&#8217;haver facilitat el seu consentiment per a una finalitat concreta, (iii) podr\u00e0 retirar, si escau, el seu consentiment en qualsevol moment, cosa que no afectar\u00e0 la licitud del tractament basada en el consentiment previ a la seva retirada.<\/p>\n\n\n\n<p>Aix\u00ed mateix, tindr\u00e0 dret a rebre les dades personals que li incumbeixin que hagi facilitat als responsables del tractament, en un format estructurat, d&#8217;\u00fas com\u00fa i lectura mec\u00e0nica, ia transmetre&#8217;ls a un altre responsable del tractament sense que els responsables del tractament ho puguin impedir. En aquest sentit, podr\u00e0 sol\u00b7licitar que els responsables del tractament transmetin directament, si \u00e9s t\u00e8cnicament possible, les dades personals al responsable del tractament que indiqueu en la vostra comunicaci\u00f3.<\/p>\n\n\n\n<p>Finalment, us informem que podreu exercir els vostres drets mitjan\u00e7ant l&#8217;enviament de sol\u00b7licitud a Plazy, a trav\u00e9s del correu electr\u00f2nic a <a href=\"mailto:info@plazy.eco\">info@plazy.eco<\/a>, signada digitalment (DNI electr\u00f2nic o altre certificat reconegut), oa trav\u00e9s de comunicaci\u00f3 escrita dirigida a Plazy Car Solutions, S.L, amb domicili social a Pla\u00e7a Granollers 25 B15 (08207), Sabadell (Barcelona) (Ref. RGPD).<\/p>\n\n\n\n<p>El contingut de la sol\u00b7licitud haur\u00e0 d&#8217;incloure: nom i cognoms; fotoc\u00f2pia del document nacional d&#8217;identitat, passaport o altre document v\u00e0lid que l&#8217;identifiqui i, si cal, de la persona que el representi, aix\u00ed com el document o instrument electr\u00f2nic acreditatiu d&#8217;aquesta representaci\u00f3; detall de la petici\u00f3 que es fa; adre\u00e7a a efectes de notificacions; data i signatura del sol\u00b7licitant; i documents acreditatius de la petici\u00f3 que formula, si cal. Per obtenir informaci\u00f3 addicional dels vostres drets podeu adre\u00e7ar-vos al web de <a href=\"https:\/\/www.aepd.es\/es\" target=\"_blank\" rel=\"noreferrer noopener\">l&#8217;Ag\u00e8ncia Espanyola de Protecci\u00f3 de Dades<\/a>.<\/p>\n\n\n\n<p>Si considereu que el tractament de les dades personals que us concerneixen infringeix la normativa aplicable o, senzillament, no est\u00e0 satisfet amb l&#8217;exercici dels vostres drets, teniu dret a presentar una reclamaci\u00f3 davant l&#8217;Ag\u00e8ncia Espanyola de Protecci\u00f3 de Dades, a trav\u00e9s d&#8217;alguna de les vies seg\u00fcents: (i) A trav\u00e9s del tel\u00e8fon +34 901 100 099, o b\u00e9 +34 912 663 517; (ii) a trav\u00e9s de mitjans electr\u00f2nics, adre\u00e7ant-se a la web\u00a0<a href=\"https:\/\/sedeagpd.gob.es\/sede-electronica-web\/\" target=\"_blank\" rel=\"noreferrer noopener\">https:\/\/sedeagpd.gob.es\/sede-electronica-web\/<\/a>; (iii) presencialment dirigint-se al carrer Jorge Juan, n\u00fam. 6 (28001) de Madrid.<\/p>\n\n\n\n<p><strong>4.1. Veracitat de les dades<\/strong><\/p>\n\n\n\n<p>Els Usuaris s\u00f3n responsables de la veracitat de les seves dades, comprometent-se a no introduir dades falses ia procedir a la modificaci\u00f3 d&#8217;aquestes si \u00e9s necessari.<\/p>\n","protected":false},"excerpt":{"rendered":"<p>D&#8217;acord amb el que disposa el\u00a0Reglament (UE) 2016\/679 del Parlament Europeu i del Consell de 27 d&#8217;abril de 2016 relatiu a la protecci\u00f3 de les persones f\u00edsiques pel que fa al tractament de dades personals ia la lliure circulaci\u00f3 d&#8217;aquestes dades i pel qual es deroga la Directiva 95\/46\/CE\u00a0(d&#8217;ara endavant, \u201cRGPD\u201d), a continuaci\u00f3 us informem&#8230;<\/p>\n","protected":false},"author":5,"featured_media":0,"parent":0,"menu_order":0,"comment_status":"closed","ping_status":"closed","template":"","meta":{"_acf_changed":false,"footnotes":""},"class_list":["post-12650","page","type-page","status-publish","hentry"],"acf":[],"yoast_head":"<!-- This site is optimized with the Yoast SEO plugin v27.4 - https:\/\/yoast.com\/product\/yoast-seo-wordpress\/ -->\n<title>Pol\u00edtica de privadesa | Plazy<\/title>\n<meta name=\"robots\" content=\"noindex, nofollow\" \/>\n<meta property=\"og:locale\" content=\"ca_ES\" \/>\n<meta property=\"og:type\" content=\"article\" \/>\n<meta property=\"og:title\" content=\"Pol\u00edtica de privadesa | Plazy\" \/>\n<meta property=\"og:description\" content=\"D&#8217;acord amb el que disposa el\u00a0Reglament (UE) 2016\/679 del Parlament Europeu i del Consell de 27 d&#8217;abril de 2016 relatiu a la protecci\u00f3 de les persones f\u00edsiques pel que fa al tractament de dades personals ia la lliure circulaci\u00f3 d&#8217;aquestes dades i pel qual es deroga la Directiva 95\/46\/CE\u00a0(d&#8217;ara endavant, \u201cRGPD\u201d), a continuaci\u00f3 us informem...\" \/>\n<meta property=\"og:url\" content=\"https:\/\/plazy.eco\/ca\/politica-de-privadesa\/\" \/>\n<meta property=\"og:site_name\" content=\"Plazy\" \/>\n<meta property=\"article:publisher\" content=\"https:\/\/www.facebook.com\/plazy.eco\/\" \/>\n<meta property=\"article:modified_time\" content=\"2024-06-04T15:17:59+00:00\" \/>\n<meta property=\"og:image\" content=\"https:\/\/plazy.eco\/wp-content\/uploads\/2020\/08\/logo-1.png\" \/>\n\t<meta property=\"og:image:width\" content=\"666\" \/>\n\t<meta property=\"og:image:height\" content=\"320\" \/>\n\t<meta property=\"og:image:type\" content=\"image\/png\" \/>\n<meta name=\"twitter:card\" content=\"summary_large_image\" \/>\n<meta name=\"twitter:label1\" content=\"Temps estimat de lectura\" \/>\n\t<meta name=\"twitter:data1\" content=\"5 minuts\" \/>\n<script type=\"application\/ld+json\" class=\"yoast-schema-graph\">{\"@context\":\"https:\\\/\\\/schema.org\",\"@graph\":[{\"@type\":\"WebPage\",\"@id\":\"https:\\\/\\\/plazy.eco\\\/ca\\\/politica-de-privadesa\\\/\",\"url\":\"https:\\\/\\\/plazy.eco\\\/ca\\\/politica-de-privadesa\\\/\",\"name\":\"Pol\u00edtica de privadesa | Plazy\",\"isPartOf\":{\"@id\":\"https:\\\/\\\/plazy.eco\\\/ca\\\/#website\"},\"datePublished\":\"2020-09-14T06:26:08+00:00\",\"dateModified\":\"2024-06-04T15:17:59+00:00\",\"inLanguage\":\"ca\",\"potentialAction\":[{\"@type\":\"ReadAction\",\"target\":[\"https:\\\/\\\/plazy.eco\\\/ca\\\/politica-de-privadesa\\\/\"]}]},{\"@type\":\"WebSite\",\"@id\":\"https:\\\/\\\/plazy.eco\\\/ca\\\/#website\",\"url\":\"https:\\\/\\\/plazy.eco\\\/ca\\\/\",\"name\":\"Plazy\",\"description\":\"Lavado de coches a domicilio\",\"publisher\":{\"@id\":\"https:\\\/\\\/plazy.eco\\\/ca\\\/#organization\"},\"alternateName\":\"Plazy\",\"potentialAction\":[{\"@type\":\"SearchAction\",\"target\":{\"@type\":\"EntryPoint\",\"urlTemplate\":\"https:\\\/\\\/plazy.eco\\\/ca\\\/?s={search_term_string}\"},\"query-input\":{\"@type\":\"PropertyValueSpecification\",\"valueRequired\":true,\"valueName\":\"search_term_string\"}}],\"inLanguage\":\"ca\"},{\"@type\":\"Organization\",\"@id\":\"https:\\\/\\\/plazy.eco\\\/ca\\\/#organization\",\"name\":\"Plazy\",\"alternateName\":\"Plazy\",\"url\":\"https:\\\/\\\/plazy.eco\\\/ca\\\/\",\"logo\":{\"@type\":\"ImageObject\",\"inLanguage\":\"ca\",\"@id\":\"https:\\\/\\\/plazy.eco\\\/ca\\\/#\\\/schema\\\/logo\\\/image\\\/\",\"url\":\"https:\\\/\\\/plazy.eco\\\/wp-content\\\/uploads\\\/2020\\\/08\\\/Logo-Plazy-Color.png\",\"contentUrl\":\"https:\\\/\\\/plazy.eco\\\/wp-content\\\/uploads\\\/2020\\\/08\\\/Logo-Plazy-Color.png\",\"width\":666,\"height\":670,\"caption\":\"Plazy\"},\"image\":{\"@id\":\"https:\\\/\\\/plazy.eco\\\/ca\\\/#\\\/schema\\\/logo\\\/image\\\/\"},\"sameAs\":[\"https:\\\/\\\/www.facebook.com\\\/plazy.eco\\\/\",\"https:\\\/\\\/instagram.com\\\/plazy_eco\",\"https:\\\/\\\/www.linkedin.com\\\/company\\\/plazy\\\/\"]}]}<\/script>\n<!-- \/ Yoast SEO plugin. -->","yoast_head_json":{"title":"Pol\u00edtica de privadesa | Plazy","robots":{"index":"noindex","follow":"nofollow"},"og_locale":"ca_ES","og_type":"article","og_title":"Pol\u00edtica de privadesa | Plazy","og_description":"D&#8217;acord amb el que disposa el\u00a0Reglament (UE) 2016\/679 del Parlament Europeu i del Consell de 27 d&#8217;abril de 2016 relatiu a la protecci\u00f3 de les persones f\u00edsiques pel que fa al tractament de dades personals ia la lliure circulaci\u00f3 d&#8217;aquestes dades i pel qual es deroga la Directiva 95\/46\/CE\u00a0(d&#8217;ara endavant, \u201cRGPD\u201d), a continuaci\u00f3 us informem...","og_url":"https:\/\/plazy.eco\/ca\/politica-de-privadesa\/","og_site_name":"Plazy","article_publisher":"https:\/\/www.facebook.com\/plazy.eco\/","article_modified_time":"2024-06-04T15:17:59+00:00","og_image":[{"width":666,"height":320,"url":"https:\/\/plazy.eco\/wp-content\/uploads\/2020\/08\/logo-1.png","type":"image\/png"}],"twitter_card":"summary_large_image","twitter_misc":{"Temps estimat de lectura":"5 minuts"},"schema":{"@context":"https:\/\/schema.org","@graph":[{"@type":"WebPage","@id":"https:\/\/plazy.eco\/ca\/politica-de-privadesa\/","url":"https:\/\/plazy.eco\/ca\/politica-de-privadesa\/","name":"Pol\u00edtica de privadesa | Plazy","isPartOf":{"@id":"https:\/\/plazy.eco\/ca\/#website"},"datePublished":"2020-09-14T06:26:08+00:00","dateModified":"2024-06-04T15:17:59+00:00","inLanguage":"ca","potentialAction":[{"@type":"ReadAction","target":["https:\/\/plazy.eco\/ca\/politica-de-privadesa\/"]}]},{"@type":"WebSite","@id":"https:\/\/plazy.eco\/ca\/#website","url":"https:\/\/plazy.eco\/ca\/","name":"Plazy","description":"Lavado de coches a domicilio","publisher":{"@id":"https:\/\/plazy.eco\/ca\/#organization"},"alternateName":"Plazy","potentialAction":[{"@type":"SearchAction","target":{"@type":"EntryPoint","urlTemplate":"https:\/\/plazy.eco\/ca\/?s={search_term_string}"},"query-input":{"@type":"PropertyValueSpecification","valueRequired":true,"valueName":"search_term_string"}}],"inLanguage":"ca"},{"@type":"Organization","@id":"https:\/\/plazy.eco\/ca\/#organization","name":"Plazy","alternateName":"Plazy","url":"https:\/\/plazy.eco\/ca\/","logo":{"@type":"ImageObject","inLanguage":"ca","@id":"https:\/\/plazy.eco\/ca\/#\/schema\/logo\/image\/","url":"https:\/\/plazy.eco\/wp-content\/uploads\/2020\/08\/Logo-Plazy-Color.png","contentUrl":"https:\/\/plazy.eco\/wp-content\/uploads\/2020\/08\/Logo-Plazy-Color.png","width":666,"height":670,"caption":"Plazy"},"image":{"@id":"https:\/\/plazy.eco\/ca\/#\/schema\/logo\/image\/"},"sameAs":["https:\/\/www.facebook.com\/plazy.eco\/","https:\/\/instagram.com\/plazy_eco","https:\/\/www.linkedin.com\/company\/plazy\/"]}]}},"_links":{"self":[{"href":"https:\/\/plazy.eco\/ca\/wp-json\/wp\/v2\/pages\/12650","targetHints":{"allow":["GET"]}}],"collection":[{"href":"https:\/\/plazy.eco\/ca\/wp-json\/wp\/v2\/pages"}],"about":[{"href":"https:\/\/plazy.eco\/ca\/wp-json\/wp\/v2\/types\/page"}],"author":[{"embeddable":true,"href":"https:\/\/plazy.eco\/ca\/wp-json\/wp\/v2\/users\/5"}],"replies":[{"embeddable":true,"href":"https:\/\/plazy.eco\/ca\/wp-json\/wp\/v2\/comments?post=12650"}],"version-history":[{"count":3,"href":"https:\/\/plazy.eco\/ca\/wp-json\/wp\/v2\/pages\/12650\/revisions"}],"predecessor-version":[{"id":25009,"href":"https:\/\/plazy.eco\/ca\/wp-json\/wp\/v2\/pages\/12650\/revisions\/25009"}],"wp:attachment":[{"href":"https:\/\/plazy.eco\/ca\/wp-json\/wp\/v2\/media?parent=12650"}],"curies":[{"name":"wp","href":"https:\/\/api.w.org\/{rel}","templated":true}]}}