{"id":12638,"date":"2020-09-14T08:32:10","date_gmt":"2020-09-14T06:32:10","guid":{"rendered":"https:\/\/plazy.eco\/aviso-legal"},"modified":"2024-06-02T19:42:49","modified_gmt":"2024-06-02T17:42:49","slug":"avis-legal","status":"publish","type":"page","link":"https:\/\/plazy.eco\/ca\/avis-legal\/","title":{"rendered":"Av\u00eds Legal"},"content":{"rendered":"\n<p>El present \u00e9s un av\u00eds legal de visualitzaci\u00f3 obligada que regula les condicions d&#8217;\u00fas que han de ser observades i acatades pels usuaris d&#8217;aquest lloc web. Li preguem que el llegeixi atentament ja que el fet d&#8217;accedir-hi implica que ha llegit i accepta sense cap reserva les condicions que segueixen.<\/p>\n\n\n\n<h4 class=\"wp-block-heading\"><strong>1. Informaci\u00f3 de conformitat amb la LSSI<\/strong><\/h4>\n\n\n\n<p>Als efectes de l&#8217;art. 10 de la Llei 34\/2002, de 11 de juliol, de serveis de la societat de la informaci\u00f3 i de comer\u00e7 electr\u00f2nic, s&#8217;informa als usuaris de la p\u00e0gina web que el titular del lloc web \u00e9s la societat Plazy Car Solutions, SL amb domicili social a Pla\u00e7a Granollers 25 B15 (08207) Sabadell, (Barcelona), prove\u00efda de CIF n\u00fam. B-01818327.<\/p>\n\n\n\n<h4 class=\"wp-block-heading\"><strong>2. Condicions d\u00fas del lloc web<\/strong><\/h4>\n\n\n\n<p>L&#8217;usuari es compromet a fer un \u00fas diligent del lloc web i dels serveis accessibles des del mateix i a no utilitzar els serveis o informacions continguts al lloc web per desenvolupar activitats contr\u00e0ries a les lleis, a la moral i als bons costums, a l&#8217;ordre p\u00fablic i, en general, a fer-ne un \u00fas conforme al present av\u00eds legal.<\/p>\n\n\n\n<p>Plazy podr\u00e0 interrompre temporalment o definitivament, segons el seu bon criteri, l&#8217;acc\u00e9s al lloc web, aix\u00ed com la prestaci\u00f3 de qualsevol o de tots els serveis que es presten a trav\u00e9s d&#8217;aquesta en qualsevol moment i sense av\u00eds previ. Aix\u00ed mateix, Plazy es reserva el dret a denegar o retirar l&#8217;acc\u00e9s al portal web a qualsevol usuari que incompleixi les condicions d&#8217;\u00fas establertes en aquest av\u00eds legal, tot aix\u00f2 sense necessitat de cap preav\u00eds.<\/p>\n\n\n\n<p>En cas que Plazy presti, a trav\u00e9s del present lloc web, algun tipus de servei especial o realitzi alguna promoci\u00f3 o oferta especial, s&#8217;hi establiran les condicions espec\u00edfiques que el regulin, i l&#8217;aplicaci\u00f3 de les quals prevaldr\u00e0 sobre les condicions d&#8217;\u00fas i el resta de previsions establertes en aquest av\u00eds legal, en cas d&#8217;incongru\u00e8ncia o incompatibilitat entre ambdues.<\/p>\n\n\n\n<h4 class=\"wp-block-heading\"><strong>3. Drets de Propietat Intel\u00b7lectual<\/strong><\/h4>\n\n\n\n<p>Plazy \u00e9s titular o llicenciat\u00e0ria, si escau, dels drets de Propietat Intel\u00b7lectual i Industrial de la totalitat dels continguts d&#8217;aquest lloc web, incloent-hi descripci\u00f3 de productes, text, imatges, fotografies, marques, logotips, botons, arxius de programari, combinacions de colors, aix\u00ed com l&#8217;estructura, la selecci\u00f3, l&#8217;ordenaci\u00f3 i la presentaci\u00f3 dels seus continguts, que estan protegits per les lleis espanyoles i internacionals sobre propietat intel\u00b7lectual i industrial.<\/p>\n\n\n\n<p>En cap cas l&#8217;acc\u00e9s al present lloc web implica cap mena de ren\u00fancia, transmissi\u00f3 o cessi\u00f3 total ni parcial dels drets atorgats per la legislaci\u00f3 espanyola i internacional sobre propietat intel\u00b7lectual i industrial. Queda prohibida la reproducci\u00f3, la c\u00f2pia, l&#8217;\u00fas, la distribuci\u00f3, la reutilitzaci\u00f3, l&#8217;explotaci\u00f3, la realitzaci\u00f3 de segones c\u00f2pies, la tramesa per correu, la transmissi\u00f3, la modificaci\u00f3, la cessi\u00f3 o qualsevol altre acte que es faci amb la totalitat o part de la informaci\u00f3 continguda en aquest portal web que no hagi estat expressament autoritzat per Plazy. L&#8217;usuari s&#8217;obliga a utilitzar els continguts de forma diligent, correcta i l\u00edcita i, en particular, es compromet a abstenir-se de suprimir, eludir o manipular el copyright i altres dades identificatives dels drets de Plazy o dels seus titulars incorporats als continguts, aix\u00ed com els dispositius t\u00e8cnics de protecci\u00f3 o qualsevol mecanisme d&#8217;informaci\u00f3 que poguessin incloure&#8217;s en els continguts. Aix\u00ed mateix, l&#8217;usuari s&#8217;abstindr\u00e0 de fer servir els continguts i, en particular, la informaci\u00f3 de qualsevol classe obtinguda a trav\u00e9s del lloc web per remetre publicitat, comunicacions amb fins comercials, missatges no sol\u00b7licitats dirigits a una pluralitat de persones amb independ\u00e8ncia de la seva finalitat, aix\u00ed com de comercialitzar o divulgar de qualsevol manera aquesta informaci\u00f3.<\/p>\n\n\n\n<p>El lloc web correspon a un domini registrat per Plazy i que no pot ser utilitzat, llevat d&#8217;autoritzaci\u00f3 expressa pr\u00e8via, en connexi\u00f3 amb altres serveis que no siguin de Plazy de cap manera que pugui causar confusi\u00f3 entre els clients o descr\u00e8dit de Plazy. En aquest sentit, aquelles persones que vulguin establir un link o hiperenlla\u00e7 entre la seva p\u00e0gina web i aquest lloc web hauran de demanar l&#8217;autoritzaci\u00f3 expressa i per escrit de Plazy, sense que aix\u00f2 impliqui una relaci\u00f3 entre Plazy i el titular de la p\u00e0gina a la que s&#8217;estableixi el link, ni l&#8217;aprovaci\u00f3 o acceptaci\u00f3 per part de Plazy dels seus continguts o serveis. Queda terminantment prohibit realitzar, sense el consentiment previ de Plazy, qualsevol manipulaci\u00f3 o alteraci\u00f3 d&#8217;aquest lloc web. Conseg\u00fcentment, Plazy no assumir\u00e0 cap responsabilitat derivada, o que pogu\u00e9s derivar-se, d&#8217;aquesta alteraci\u00f3 o manipulaci\u00f3 per tercers.<\/p>\n\n\n\n<h4 class=\"wp-block-heading\"><strong>4. Limitaci\u00f3 de la responsabilitat<\/strong><\/h4>\n\n\n\n<p>Plazy s&#8217;eximeix de tota responsabilitat respecte a qualsevol decisi\u00f3 adoptada per l&#8217;usuari com a conseq\u00fc\u00e8ncia de la informaci\u00f3 continguda al present lloc web. Aix\u00ed mateix, <\/p>\n\n\n\n<p>Plazy rebutja tota responsabilitat sobre qualsevol informaci\u00f3 no elaborada o no publicada de forma autoritzada sota el seu nom, igual que la responsabilitat que es derivi de la mala utilitzaci\u00f3 dels continguts, i es reserva el dret a actualitzar-los, a eliminar-los, limitar-los o impedir-hi l&#8217;acc\u00e9s, de manera temporal o definitiva. Tot i prendre totes les precaucions necess\u00e0ries per proporcionar-vos al nostre lloc web informacions actuals i exactes, Plazy no pot garantir el rigor ni l&#8217;actualitat de tota la informaci\u00f3 facilitada, ni la inexist\u00e8ncia d&#8217;errors o omissions, havent de ser l&#8217;usuari conscient que la informaci\u00f3 a la qual t\u00e9 acc\u00e9s \u00e9s subministrada en les condicions detallades al present av\u00eds legal, sense cap garantia que aquestes siguin exactes i actualitzades. De la mateixa manera, Plazy no pot garantir la continu\u00eftat del funcionament del lloc web, ni que aquest es trobe en tot moment operatiu i disponible. Aix\u00ed mateix, Plazy no es fa responsable dels danys i perjudicis directes o indirectes, inclosos els danys a sistemes inform\u00e0tics i la introducci\u00f3 de virus existents a la xarxa, derivats de la navegaci\u00f3 per Internet necess\u00e0ria per a l&#8217;\u00fas d&#8217;aquest lloc web.<\/p>\n\n\n\n<h4 class=\"wp-block-heading\"><strong>5. Obligaci\u00f3 dels usuaris<\/strong><\/h4>\n\n\n\n<p>L&#8217;usuari respondr\u00e0 dels danys i perjudicis que Plazy pugui patir com a conseq\u00fc\u00e8ncia de l&#8217;incompliment de qualsevol de les obligacions determinades al present Av\u00eds Legal. Pel que fa a la navegaci\u00f3, l&#8217;usuari es compromet a observar diligentment i fidelment les recomanacions que en el seu moment estableixi Plazy relatives a l&#8217;\u00fas del lloc web i que seran publicades al mateix.<\/p>\n\n\n\n<h4 class=\"wp-block-heading\"><strong>6. Privadesa<\/strong><\/h4>\n\n\n\n<p>Durant la navegaci\u00f3 pel present lloc web \u00e9s possible que l&#8217;usuari degui o pugui facilitar determinades dades de car\u00e0cter personal, que Plazy procedir\u00e0 d&#8217;acord amb els termes descrits a la seva \u201cPOL\u00cdTICA DE PRIVACITAT\u201d, que queda incorporada al present Av\u00eds Legal per remissi\u00f3 des de aquest apartat.<\/p>\n\n\n\n<h4 class=\"wp-block-heading\"><strong>7. Durada i Modificaci\u00f3<\/strong><\/h4>\n\n\n\n<p>Plazy tindr\u00e0 dret a modificar els termes i condicions aqu\u00ed estipulades de manera unilateral, totalment o parcialment. La vig\u00e8ncia temporal del present av\u00eds legal coincideix, per tant, amb el temps de la seva exposici\u00f3, fins al moment en qu\u00e8 sigui modificat de manera total o parcial per Plazy. Plazy podr\u00e0 donar per acabada, suspendre o interrompre unilateralment, l&#8217;operativitat d&#8217;aquest lloc web, sense possibilitat de sol\u00b7licitar cap indemnitzaci\u00f3 per part de l&#8217;usuari.<\/p>\n\n\n\n<h4 class=\"wp-block-heading\"><strong>8. Legislaci\u00f3 i Jurisdicci\u00f3<\/strong><\/h4>\n\n\n\n<p>Aquest av\u00eds legal es regeix per la legislaci\u00f3 espanyola. Els usuaris i Plazy, amb ren\u00fancia expressa del seu fur, sotmeten totes les interpretacions o conflictes que poguessin sorgir derivats d&#8217;aquest av\u00eds legal als Jutjats i Tribunals de la ciutat de Barcelona (Espanya).<\/p>\n","protected":false},"excerpt":{"rendered":"<p>El present \u00e9s un av\u00eds legal de visualitzaci\u00f3 obligada que regula les condicions d&#8217;\u00fas que han de ser observades i acatades pels usuaris d&#8217;aquest lloc web. Li preguem que el llegeixi atentament ja que el fet d&#8217;accedir-hi implica que ha llegit i accepta sense cap reserva les condicions que segueixen. 1. Informaci\u00f3 de conformitat amb&#8230;<\/p>\n","protected":false},"author":5,"featured_media":0,"parent":0,"menu_order":0,"comment_status":"closed","ping_status":"closed","template":"","meta":{"_acf_changed":false,"footnotes":""},"class_list":["post-12638","page","type-page","status-publish","hentry"],"acf":[],"yoast_head":"<!-- This site is optimized with the Yoast SEO plugin v27.4 - https:\/\/yoast.com\/product\/yoast-seo-wordpress\/ -->\n<title>Av\u00eds Legal | Plazy<\/title>\n<meta name=\"robots\" content=\"noindex, nofollow\" \/>\n<meta property=\"og:locale\" content=\"ca_ES\" \/>\n<meta property=\"og:type\" content=\"article\" \/>\n<meta property=\"og:title\" content=\"Av\u00eds Legal | Plazy\" \/>\n<meta property=\"og:description\" content=\"El present \u00e9s un av\u00eds legal de visualitzaci\u00f3 obligada que regula les condicions d&#8217;\u00fas que han de ser observades i acatades pels usuaris d&#8217;aquest lloc web. Li preguem que el llegeixi atentament ja que el fet d&#8217;accedir-hi implica que ha llegit i accepta sense cap reserva les condicions que segueixen. 1. Informaci\u00f3 de conformitat amb...\" \/>\n<meta property=\"og:url\" content=\"https:\/\/plazy.eco\/ca\/avis-legal\/\" \/>\n<meta property=\"og:site_name\" content=\"Plazy\" \/>\n<meta property=\"article:publisher\" content=\"https:\/\/www.facebook.com\/plazy.eco\/\" \/>\n<meta property=\"article:modified_time\" content=\"2024-06-02T17:42:49+00:00\" \/>\n<meta property=\"og:image\" content=\"https:\/\/plazy.eco\/wp-content\/uploads\/2020\/08\/logo-1.png\" \/>\n\t<meta property=\"og:image:width\" content=\"666\" \/>\n\t<meta property=\"og:image:height\" content=\"320\" \/>\n\t<meta property=\"og:image:type\" content=\"image\/png\" \/>\n<meta name=\"twitter:card\" content=\"summary_large_image\" \/>\n<meta name=\"twitter:label1\" content=\"Temps estimat de lectura\" \/>\n\t<meta name=\"twitter:data1\" content=\"6 minuts\" \/>\n<script type=\"application\/ld+json\" class=\"yoast-schema-graph\">{\"@context\":\"https:\\\/\\\/schema.org\",\"@graph\":[{\"@type\":\"WebPage\",\"@id\":\"https:\\\/\\\/plazy.eco\\\/ca\\\/avis-legal\\\/\",\"url\":\"https:\\\/\\\/plazy.eco\\\/ca\\\/avis-legal\\\/\",\"name\":\"Av\u00eds Legal | Plazy\",\"isPartOf\":{\"@id\":\"https:\\\/\\\/plazy.eco\\\/ca\\\/#website\"},\"datePublished\":\"2020-09-14T06:32:10+00:00\",\"dateModified\":\"2024-06-02T17:42:49+00:00\",\"inLanguage\":\"ca\",\"potentialAction\":[{\"@type\":\"ReadAction\",\"target\":[\"https:\\\/\\\/plazy.eco\\\/ca\\\/avis-legal\\\/\"]}]},{\"@type\":\"WebSite\",\"@id\":\"https:\\\/\\\/plazy.eco\\\/ca\\\/#website\",\"url\":\"https:\\\/\\\/plazy.eco\\\/ca\\\/\",\"name\":\"Plazy\",\"description\":\"Lavado de coches a domicilio\",\"publisher\":{\"@id\":\"https:\\\/\\\/plazy.eco\\\/ca\\\/#organization\"},\"alternateName\":\"Plazy\",\"potentialAction\":[{\"@type\":\"SearchAction\",\"target\":{\"@type\":\"EntryPoint\",\"urlTemplate\":\"https:\\\/\\\/plazy.eco\\\/ca\\\/?s={search_term_string}\"},\"query-input\":{\"@type\":\"PropertyValueSpecification\",\"valueRequired\":true,\"valueName\":\"search_term_string\"}}],\"inLanguage\":\"ca\"},{\"@type\":\"Organization\",\"@id\":\"https:\\\/\\\/plazy.eco\\\/ca\\\/#organization\",\"name\":\"Plazy\",\"alternateName\":\"Plazy\",\"url\":\"https:\\\/\\\/plazy.eco\\\/ca\\\/\",\"logo\":{\"@type\":\"ImageObject\",\"inLanguage\":\"ca\",\"@id\":\"https:\\\/\\\/plazy.eco\\\/ca\\\/#\\\/schema\\\/logo\\\/image\\\/\",\"url\":\"https:\\\/\\\/plazy.eco\\\/wp-content\\\/uploads\\\/2020\\\/08\\\/Logo-Plazy-Color.png\",\"contentUrl\":\"https:\\\/\\\/plazy.eco\\\/wp-content\\\/uploads\\\/2020\\\/08\\\/Logo-Plazy-Color.png\",\"width\":666,\"height\":670,\"caption\":\"Plazy\"},\"image\":{\"@id\":\"https:\\\/\\\/plazy.eco\\\/ca\\\/#\\\/schema\\\/logo\\\/image\\\/\"},\"sameAs\":[\"https:\\\/\\\/www.facebook.com\\\/plazy.eco\\\/\",\"https:\\\/\\\/instagram.com\\\/plazy_eco\",\"https:\\\/\\\/www.linkedin.com\\\/company\\\/plazy\\\/\"]}]}<\/script>\n<!-- \/ Yoast SEO plugin. -->","yoast_head_json":{"title":"Av\u00eds Legal | Plazy","robots":{"index":"noindex","follow":"nofollow"},"og_locale":"ca_ES","og_type":"article","og_title":"Av\u00eds Legal | Plazy","og_description":"El present \u00e9s un av\u00eds legal de visualitzaci\u00f3 obligada que regula les condicions d&#8217;\u00fas que han de ser observades i acatades pels usuaris d&#8217;aquest lloc web. Li preguem que el llegeixi atentament ja que el fet d&#8217;accedir-hi implica que ha llegit i accepta sense cap reserva les condicions que segueixen. 1. Informaci\u00f3 de conformitat amb...","og_url":"https:\/\/plazy.eco\/ca\/avis-legal\/","og_site_name":"Plazy","article_publisher":"https:\/\/www.facebook.com\/plazy.eco\/","article_modified_time":"2024-06-02T17:42:49+00:00","og_image":[{"width":666,"height":320,"url":"https:\/\/plazy.eco\/wp-content\/uploads\/2020\/08\/logo-1.png","type":"image\/png"}],"twitter_card":"summary_large_image","twitter_misc":{"Temps estimat de lectura":"6 minuts"},"schema":{"@context":"https:\/\/schema.org","@graph":[{"@type":"WebPage","@id":"https:\/\/plazy.eco\/ca\/avis-legal\/","url":"https:\/\/plazy.eco\/ca\/avis-legal\/","name":"Av\u00eds Legal | Plazy","isPartOf":{"@id":"https:\/\/plazy.eco\/ca\/#website"},"datePublished":"2020-09-14T06:32:10+00:00","dateModified":"2024-06-02T17:42:49+00:00","inLanguage":"ca","potentialAction":[{"@type":"ReadAction","target":["https:\/\/plazy.eco\/ca\/avis-legal\/"]}]},{"@type":"WebSite","@id":"https:\/\/plazy.eco\/ca\/#website","url":"https:\/\/plazy.eco\/ca\/","name":"Plazy","description":"Lavado de coches a domicilio","publisher":{"@id":"https:\/\/plazy.eco\/ca\/#organization"},"alternateName":"Plazy","potentialAction":[{"@type":"SearchAction","target":{"@type":"EntryPoint","urlTemplate":"https:\/\/plazy.eco\/ca\/?s={search_term_string}"},"query-input":{"@type":"PropertyValueSpecification","valueRequired":true,"valueName":"search_term_string"}}],"inLanguage":"ca"},{"@type":"Organization","@id":"https:\/\/plazy.eco\/ca\/#organization","name":"Plazy","alternateName":"Plazy","url":"https:\/\/plazy.eco\/ca\/","logo":{"@type":"ImageObject","inLanguage":"ca","@id":"https:\/\/plazy.eco\/ca\/#\/schema\/logo\/image\/","url":"https:\/\/plazy.eco\/wp-content\/uploads\/2020\/08\/Logo-Plazy-Color.png","contentUrl":"https:\/\/plazy.eco\/wp-content\/uploads\/2020\/08\/Logo-Plazy-Color.png","width":666,"height":670,"caption":"Plazy"},"image":{"@id":"https:\/\/plazy.eco\/ca\/#\/schema\/logo\/image\/"},"sameAs":["https:\/\/www.facebook.com\/plazy.eco\/","https:\/\/instagram.com\/plazy_eco","https:\/\/www.linkedin.com\/company\/plazy\/"]}]}},"_links":{"self":[{"href":"https:\/\/plazy.eco\/ca\/wp-json\/wp\/v2\/pages\/12638","targetHints":{"allow":["GET"]}}],"collection":[{"href":"https:\/\/plazy.eco\/ca\/wp-json\/wp\/v2\/pages"}],"about":[{"href":"https:\/\/plazy.eco\/ca\/wp-json\/wp\/v2\/types\/page"}],"author":[{"embeddable":true,"href":"https:\/\/plazy.eco\/ca\/wp-json\/wp\/v2\/users\/5"}],"replies":[{"embeddable":true,"href":"https:\/\/plazy.eco\/ca\/wp-json\/wp\/v2\/comments?post=12638"}],"version-history":[{"count":2,"href":"https:\/\/plazy.eco\/ca\/wp-json\/wp\/v2\/pages\/12638\/revisions"}],"predecessor-version":[{"id":24786,"href":"https:\/\/plazy.eco\/ca\/wp-json\/wp\/v2\/pages\/12638\/revisions\/24786"}],"wp:attachment":[{"href":"https:\/\/plazy.eco\/ca\/wp-json\/wp\/v2\/media?parent=12638"}],"curies":[{"name":"wp","href":"https:\/\/api.w.org\/{rel}","templated":true}]}}